{"id":955,"date":"2025-10-15T15:34:59","date_gmt":"2025-10-15T18:34:59","guid":{"rendered":"https:\/\/eevork.com\/?page_id=955"},"modified":"2025-12-01T09:28:38","modified_gmt":"2025-12-01T12:28:38","slug":"adesivos-e-selantes","status":"publish","type":"page","link":"https:\/\/eevork.com\/es\/adesivos-e-selantes\/","title":{"rendered":"ADHESIVOS Y SELLADORES"},"content":{"rendered":"<div id='av_section_1'  class='avia-section av-1ps1i3-04da7f591450a715163be64d93e00f5e main_color avia-section-default avia-no-border-styling  avia-builder-el-0  el_before_av_section  avia-builder-el-first  avia-bg-style-scroll container_wrap sidebar_right'  ><div class='container av-section-cont-open' ><main  role=\"main\" itemprop=\"mainContentOfPage\"  class='template-page content  av-content-small alpha units'><div class='post-entry post-entry-type-page post-entry-955'><div class='entry-content-wrapper clearfix'>\n<div  class='flex_column av-1jybcj-7414577c3fd59373eae5e91912902e68 av_one_third  avia-builder-el-1  el_before_av_one_third  avia-builder-el-first  first flex_column_div'     ><\/div><div  class='flex_column av-1g7h6j-e39189499184b68bc914b106725cad38 av_one_third  avia-builder-el-2  el_after_av_one_third  el_before_av_one_third  flex_column_div'     ><style type=\"text\/css\" data-created_by=\"avia_inline_auto\" id=\"style-css-av-mht4dmqy-87776c0a580c493ec8bfca73cb67c4c8\">\n#top .av-special-heading.av-mht4dmqy-87776c0a580c493ec8bfca73cb67c4c8{\npadding-bottom:10px;\ncolor:#0041e8;\nfont-size:60px;\n}\nbody .av-special-heading.av-mht4dmqy-87776c0a580c493ec8bfca73cb67c4c8 .av-special-heading-tag .heading-char{\nfont-size:25px;\n}\n#top #wrap_all .av-special-heading.av-mht4dmqy-87776c0a580c493ec8bfca73cb67c4c8 .av-special-heading-tag{\nfont-size:60px;\n}\n.av-special-heading.av-mht4dmqy-87776c0a580c493ec8bfca73cb67c4c8 .special-heading-inner-border{\nborder-color:#0041e8;\n}\n.av-special-heading.av-mht4dmqy-87776c0a580c493ec8bfca73cb67c4c8 .av-subheading{\nfont-size:15px;\n}\n\n@media only screen and (min-width: 480px) and (max-width: 767px){ \n#top #wrap_all .av-special-heading.av-mht4dmqy-87776c0a580c493ec8bfca73cb67c4c8 .av-special-heading-tag{\nfont-size:0.8em;\n}\n}\n\n@media only screen and (max-width: 479px){ \n#top #wrap_all .av-special-heading.av-mht4dmqy-87776c0a580c493ec8bfca73cb67c4c8 .av-special-heading-tag{\nfont-size:0.8em;\n}\n}\n<\/style>\n<div  class='av-special-heading av-mht4dmqy-87776c0a580c493ec8bfca73cb67c4c8 av-special-heading-h1 custom-color-heading blockquote modern-quote modern-centered  avia-builder-el-3  avia-builder-el-no-sibling  av-inherit-size'><h1 class='av-special-heading-tag'  itemprop=\"headline\"  >ADHESIVOS EEVORK<\/h1><div class=\"special-heading-border\"><div class=\"special-heading-inner-border\"><\/div><\/div><\/div><\/div><div  class='flex_column av-1a68yr-307c171eec197c780aa07d306ea693a7 av_one_third  avia-builder-el-4  el_after_av_one_third  avia-builder-el-last  flex_column_div'     ><\/div>\n\n<\/div><\/div><\/main><!-- close content main element --><\/div><\/div>\n<style type=\"text\/css\" data-created_by=\"avia_inline_auto\" id=\"style-css-av-mg9o0k99-7c00480a4ec00b8a7f3018532ce94589\">\n.avia-section.av-mg9o0k99-7c00480a4ec00b8a7f3018532ce94589 .av-parallax .av-parallax-inner{\nbackground-repeat:no-repeat;\nbackground-image:url(https:\/\/eevork.com\/wp-content\/uploads\/2025\/10\/2025-slide-004-FINAL.webp);\nbackground-position:50% 100%;\nbackground-attachment:scroll;\n}\n<\/style>\n<div id='av_section_2'  class='avia-section av-mg9o0k99-7c00480a4ec00b8a7f3018532ce94589 main_color avia-section-huge avia-no-border-styling  avia-builder-el-5  el_after_av_section  el_before_av_section  av-parallax-section avia-bg-style-parallax container_wrap sidebar_right'  data-section-bg-repeat='no-repeat'><div class='av-parallax' data-avia-parallax-ratio='0.3' ><div class='av-parallax-inner main_color avia-full-stretch'><\/div><\/div><div class='container av-section-cont-open' ><div class='template-page content  av-content-small alpha units'><div class='post-entry post-entry-type-page post-entry-955'><div class='entry-content-wrapper clearfix'>\n<div  class='flex_column av-12qacz-c811ce0871b120b36a6fcaaaf48e155d av_one_half  avia-builder-el-6  el_before_av_one_half  avia-builder-el-first  first flex_column_div'     ><\/div>\n<style type=\"text\/css\" data-created_by=\"avia_inline_auto\" id=\"style-css-av-yp16z-96ddf9414aef7176f5cd9b84fa01d3a0\">\n.flex_column.av-yp16z-96ddf9414aef7176f5cd9b84fa01d3a0{\nborder-radius:20px 20px 20px 20px;\npadding:60px 60px 60px 60px;\nbackground-color:#ffffff;\n}\n<\/style>\n<div  class='flex_column av-yp16z-96ddf9414aef7176f5cd9b84fa01d3a0 av_one_half  avia-builder-el-7  el_after_av_one_half  avia-builder-el-last  flex_column_div'     ><section  class='av_textblock_section av-pffxn-d898dea7756fd03b802b3fae187ea4a8'   itemscope=\"itemscope\" itemtype=\"https:\/\/schema.org\/CreativeWork\" ><div class='avia_textblock'  itemprop=\"text\" ><p style=\"text-align: justify;\" class=\"translation-block\"><strong>EEVORK<\/strong> se destaca en la importaci\u00f3n, exportaci\u00f3n, fabricaci\u00f3n y distribuci\u00f3n de productos qu\u00edmicos. La l\u00ednea de materias primas para la fabricaci\u00f3n de adhesivos y selladores, m\u00e1s espec\u00edficamente <span style=\"font-weight: 400\">adhesivos de los tipos<\/span> Hot Melt y PSA, es uno de sus mercados de actuaci\u00f3n m\u00e1s importantes, donde busca ofrecer a sus clientes <span style=\"font-weight: 400\">las materias primas m\u00e1s avanzadas y competitivas<\/span> disponibles en el mercado internacional para su formulaci\u00f3n, atendiendo a cada necesidad espec\u00edfica de sus clientes.<\/p>\n<p style=\"text-align: justify;\" class=\"translation-block\"><strong>EEVORK<\/strong> se diferencia por la b\u00fasqueda de materias primas de alta calidad de proveedores globales, enfoc\u00e1ndose en soluciones que aportan valor y eficiencia a los negocios de sus clientes, con un modelo de negocio que abarca la log\u00edstica y la entrega \u201cjust in time\u201d, adem\u00e1s de un enfoque innovador y orientado a resultados.<\/p>\n<p style=\"text-align: justify;\" class=\"translation-block\"><span style=\"font-weight: 400\">La fabricaci\u00f3n de productos <\/span><span style=\"font-weight: 400\">con la marca<\/span><span style=\"font-weight: 400\"> EEVORK se realiza mediante industrializaci\u00f3n por encargo con sus socios industriales.<\/span><\/p>\n<\/div><\/section><\/div>\n\n<\/div><\/div><\/div><!-- close content main div --><\/div><\/div><div id='av_section_3'  class='avia-section av-1ins6z-766a96a912783fd9b1747e15820f784d main_color avia-section-large avia-no-border-styling  avia-builder-el-9  el_after_av_section  el_before_av_section  avia-bg-style-scroll container_wrap sidebar_right'  ><div class='container av-section-cont-open' ><div class='template-page content  av-content-small alpha units'><div class='post-entry post-entry-type-page post-entry-955'><div class='entry-content-wrapper clearfix'>\n<div  class='flex_column av-nrk4b-65842fd6f72eaab8af2671c443a3b2de av_one_full  avia-builder-el-10  el_before_av_two_third  avia-builder-el-first  first flex_column_div'     ><p>\n<style type=\"text\/css\" data-created_by=\"avia_inline_auto\" id=\"style-css-av-fzhk3-67f26d3b060e4a2f1f11fdd8081b78d9\">\n#top .av-special-heading.av-fzhk3-67f26d3b060e4a2f1f11fdd8081b78d9{\npadding-bottom:10px;\n}\nbody .av-special-heading.av-fzhk3-67f26d3b060e4a2f1f11fdd8081b78d9 .av-special-heading-tag .heading-char{\nfont-size:25px;\n}\n.av-special-heading.av-fzhk3-67f26d3b060e4a2f1f11fdd8081b78d9 .av-subheading{\nfont-size:15px;\n}\n<\/style>\n<div  class='av-special-heading av-fzhk3-67f26d3b060e4a2f1f11fdd8081b78d9 av-special-heading-h1 blockquote modern-quote modern-centered  avia-builder-el-11  el_before_av_textblock  avia-builder-el-first'><h1 class='av-special-heading-tag'  itemprop=\"headline\"  >SOCIOS ESTRAT\u00c9GICOS<\/h1><div class=\"special-heading-border\"><div class=\"special-heading-inner-border\"><\/div><\/div><\/div><br \/>\n<section  class='av_textblock_section av-86wh7-54f2c58af0a6491db74a9e32ef067b99'   itemscope=\"itemscope\" itemtype=\"https:\/\/schema.org\/CreativeWork\" ><div class='avia_textblock'  itemprop=\"text\" ><p style=\"text-align: center;\"><p><strong>EEVORK<\/strong> ha firmado un acuerdo de distribuci\u00f3n exclusiva para Sudam\u00e9rica con los siguientes socios:<\/p><\/p>\n<\/div><\/section><\/p><\/div><div  class='flex_column av-1gps4r-d80456c31595941eb9bcabc3d48a9e16 av_two_third  avia-builder-el-13  el_after_av_one_full  el_before_av_one_third  first flex_column_div  column-top-margin'     ><p>\n<style type=\"text\/css\" data-created_by=\"avia_inline_auto\" id=\"style-css-av-77vob-21ecd3055748ab5bfb5e58d096de433f\">\n.avia-image-container.av-77vob-21ecd3055748ab5bfb5e58d096de433f img.avia_image{\nbox-shadow:none;\n}\n.avia-image-container.av-77vob-21ecd3055748ab5bfb5e58d096de433f .av-image-caption-overlay-center{\ncolor:#ffffff;\n}\n<\/style>\n<div  class='avia-image-container av-77vob-21ecd3055748ab5bfb5e58d096de433f av-styling- avia-align-left  avia-builder-el-14  el_before_av_hr  avia-builder-el-first'   itemprop=\"image\" itemscope=\"itemscope\" itemtype=\"https:\/\/schema.org\/ImageObject\" ><div class=\"avia-image-container-inner\"><div class=\"avia-image-overlay-wrap\"><img decoding=\"async\" fetchpriority=\"high\" class='wp-image-937 avia-img-lazy-loading-not-937 avia_image' src=\"https:\/\/eevork.com\/wp-content\/uploads\/2025\/10\/asfalto07-3-300x68.jpg\" alt='' title='asfalto07-3'  height=\"68\" width=\"300\"  itemprop=\"thumbnailUrl\" srcset=\"https:\/\/eevork.com\/wp-content\/uploads\/2025\/10\/asfalto07-3-300x68.jpg 300w, https:\/\/eevork.com\/wp-content\/uploads\/2025\/10\/asfalto07-3-705x161.jpg 705w, https:\/\/eevork.com\/wp-content\/uploads\/2025\/10\/asfalto07-3.jpg 750w\" sizes=\"(max-width: 300px) 100vw, 300px\" \/><\/div><\/div><\/div><br \/>\n\n<style type=\"text\/css\" data-created_by=\"avia_inline_auto\" id=\"style-css-av-8rovv-4595ae135a90d75a7b54b6f94297e58a\">\n#top .hr.hr-invisible.av-8rovv-4595ae135a90d75a7b54b6f94297e58a{\nheight:20px;\n}\n<\/style>\n<div  class='hr av-8rovv-4595ae135a90d75a7b54b6f94297e58a hr-invisible  avia-builder-el-15  el_after_av_image  el_before_av_textblock'><span class='hr-inner'><span class=\"hr-inner-style\"><\/span><\/span><\/div><br \/>\n<section  class='av_textblock_section av-sgzlv-7aee9d48d34f329ca168e5f631eca85a'   itemscope=\"itemscope\" itemtype=\"https:\/\/schema.org\/CreativeWork\" ><div class='avia_textblock'  itemprop=\"text\" ><p style=\"text-align: justify;\" class=\"translation-block\">Para satisfacer el enorme crecimiento global en la demanda de pol\u00edmeros de olefina y garantizar la seguridad del suministro, Rextac Polymers and Adhesives y D-REX Polymer son sus \u00fanicas soluciones APAO con dos ubicaciones de fabricaci\u00f3n.<br>\nREXtac y D-REX Polymer est\u00e1n enfocadas en una sola cosa: ofrecer soluciones APAO listas para usar para los mercados globales de adhesivos, cables y alambres, bater\u00edas de plomo-\u00e1cido, laminaciones, cintas y asfalto modificado. La planta de REXtac en Odessa, TX EE. UU., y la instalaci\u00f3n de D-REX en Yeosu, Corea del Sur, producen homopol\u00edmeros, copol\u00edmeros y terpol\u00edmeros de propileno\/etileno\/buteno en rangos de viscosidad de 400 cps a 120 000 cps.<br>\nREXtac y D-REX tambi\u00e9n son los \u00fanicos productores de pol\u00edmeros en el mundo que ofrecen la capacidad de valor agregado para producir productos adhesivos APAO formulados, de marca propia y terminados para higiene, automotriz, ensamblaje de productos, carpinter\u00eda, embalaje y muchas otras aplicaciones industriales. Adem\u00e1s de la seguridad del suministro, esta capacidad de pasar del pol\u00edmero al producto terminado proporciona un modelo de producci\u00f3n sostenible inigualable por cualquier productor de adhesivos o pol\u00edmeros. Adem\u00e1s de la seguridad del suministro y la sostenibilidad, el modelo exclusivo de REXtac y D-REX garantiza el mejor valor.<br>\nComo distribuidor exclusivo de productos REXtac en Am\u00e9rica del Sur, particularmente en Brasil, EEVORK ofrece una soluci\u00f3n integral para empresas que buscan pol\u00edmeros y adhesivos APAO de alta calidad.<\/p>\n<\/div><\/section><\/p><\/div><div  class='flex_column av-141c17-ae27239e6ade2db38123eb7f5a67d29f av_one_third  avia-builder-el-17  el_after_av_two_third  el_before_av_one_full  flex_column_div  column-top-margin'     ><p>\n<style type=\"text\/css\" data-created_by=\"avia_inline_auto\" id=\"style-css-av-wmzar-a5ba0e028941dc913ad49fc61b3ee0d8\">\n.avia-image-container.av-wmzar-a5ba0e028941dc913ad49fc61b3ee0d8 img.avia_image{\nbox-shadow:none;\n}\n.avia-image-container.av-wmzar-a5ba0e028941dc913ad49fc61b3ee0d8 .av-image-caption-overlay-center{\ncolor:#ffffff;\n}\n<\/style>\n<div  class='avia-image-container av-wmzar-a5ba0e028941dc913ad49fc61b3ee0d8 av-styling- avia-align-left  avia-builder-el-18  el_before_av_hr  avia-builder-el-first'   itemprop=\"image\" itemscope=\"itemscope\" itemtype=\"https:\/\/schema.org\/ImageObject\" ><div class=\"avia-image-container-inner\"><div class=\"avia-image-overlay-wrap\"><img decoding=\"async\" fetchpriority=\"high\" class='wp-image-1144 avia-img-lazy-loading-not-1144 avia_image' src=\"https:\/\/eevork.com\/wp-content\/uploads\/2025\/12\/protrade-logo-300x57.png\" alt='' title='protrade-logo'  height=\"57\" width=\"300\"  itemprop=\"thumbnailUrl\" srcset=\"https:\/\/eevork.com\/wp-content\/uploads\/2025\/12\/protrade-logo-300x57.png 300w, https:\/\/eevork.com\/wp-content\/uploads\/2025\/12\/protrade-logo-18x3.png 18w, https:\/\/eevork.com\/wp-content\/uploads\/2025\/12\/protrade-logo.png 612w\" sizes=\"(max-width: 300px) 100vw, 300px\" \/><\/div><\/div><\/div><br \/>\n\n<style type=\"text\/css\" data-created_by=\"avia_inline_auto\" id=\"style-css-av-bjcuj-8843138a48bf06fbd4164018a809d22b\">\n#top .hr.hr-invisible.av-bjcuj-8843138a48bf06fbd4164018a809d22b{\nheight:15px;\n}\n<\/style>\n<div  class='hr av-bjcuj-8843138a48bf06fbd4164018a809d22b hr-invisible  avia-builder-el-19  el_after_av_image  el_before_av_textblock'><span class='hr-inner'><span class=\"hr-inner-style\"><\/span><\/span><\/div><br \/>\n<section  class='av_textblock_section av-mgav0edn-0b280244e2dd79286ecdbc12a3f9898a'   itemscope=\"itemscope\" itemtype=\"https:\/\/schema.org\/CreativeWork\" ><div class='avia_textblock'  itemprop=\"text\" ><p style=\"text-align: justify;\">Protrade coopera con muchos de los principales fabricantes petroqu\u00edmicos del mundo y, para un grupo selecto de l\u00edderes del sector, actuamos como el canal de distribuci\u00f3n designado. Cada d\u00eda asumimos la titularidad y enviamos mercanc\u00edas a nivel global, gestionando los detalles del transporte y los riesgos de pago para atender a nuestros proveedores y clientes. Nuestros equipos de ventas o asociados de ventas dedicados est\u00e1n ubicados en Taip\u00e9i, Shangh\u00e1i, Qingdao, Se\u00fal, Bombay, Bangkok, Seattle, Akron, R\u00f3terdam y S\u00e3o Paulo.<\/p>\n<\/div><\/section><\/p><\/div><div  class='flex_column av-cz5v7-eaa26bcc3bd07134bf673a79031ba48d av_one_full  avia-builder-el-21  el_after_av_one_third  avia-builder-el-last  first flex_column_div  column-top-margin'     ><p>\n<style type=\"text\/css\" data-created_by=\"avia_inline_auto\" id=\"style-css-av-mht54e5s-c6e82be49a32fbebe24238fe158192a6\">\n.avia-image-container.av-mht54e5s-c6e82be49a32fbebe24238fe158192a6 img.avia_image{\nbox-shadow:none;\n}\n.avia-image-container.av-mht54e5s-c6e82be49a32fbebe24238fe158192a6 .av-image-caption-overlay-center{\ncolor:#ffffff;\n}\n<\/style>\n<div  class='avia-image-container av-mht54e5s-c6e82be49a32fbebe24238fe158192a6 av-styling- avia-align-left  avia-builder-el-22  el_before_av_hr  avia-builder-el-first'   itemprop=\"image\" itemscope=\"itemscope\" itemtype=\"https:\/\/schema.org\/ImageObject\" ><div class=\"avia-image-container-inner\"><div class=\"avia-image-overlay-wrap\"><img decoding=\"async\" fetchpriority=\"high\" class='wp-image-1112 avia-img-lazy-loading-not-1112 avia_image' src=\"https:\/\/eevork.com\/wp-content\/uploads\/2025\/11\/HENGE-300x46.png\" alt='' title='HENGE'  height=\"46\" width=\"300\"  itemprop=\"thumbnailUrl\" srcset=\"https:\/\/eevork.com\/wp-content\/uploads\/2025\/11\/HENGE-300x46.png 300w, https:\/\/eevork.com\/wp-content\/uploads\/2025\/11\/HENGE-1030x157.png 1030w, https:\/\/eevork.com\/wp-content\/uploads\/2025\/11\/HENGE-768x117.png 768w, https:\/\/eevork.com\/wp-content\/uploads\/2025\/11\/HENGE-1536x235.png 1536w, https:\/\/eevork.com\/wp-content\/uploads\/2025\/11\/HENGE-18x3.png 18w, https:\/\/eevork.com\/wp-content\/uploads\/2025\/11\/HENGE-1500x229.png 1500w, https:\/\/eevork.com\/wp-content\/uploads\/2025\/11\/HENGE-705x108.png 705w, https:\/\/eevork.com\/wp-content\/uploads\/2025\/11\/HENGE.png 1950w\" sizes=\"(max-width: 300px) 100vw, 300px\" \/><\/div><\/div><\/div><br \/>\n\n<style type=\"text\/css\" data-created_by=\"avia_inline_auto\" id=\"style-css-av-ap80r-4bfb5c0e83ca90742ce46ca1dadd4b5d\">\n#top .hr.hr-invisible.av-ap80r-4bfb5c0e83ca90742ce46ca1dadd4b5d{\nheight:15px;\n}\n<\/style>\n<div  class='hr av-ap80r-4bfb5c0e83ca90742ce46ca1dadd4b5d hr-invisible  avia-builder-el-23  el_after_av_image  el_before_av_textblock'><span class='hr-inner'><span class=\"hr-inner-style\"><\/span><\/span><\/div><br \/>\n\n<style type=\"text\/css\" data-created_by=\"avia_inline_auto\" id=\"style-css-av-mht51k7r-9629c463ccbd6ee00b45bb91cfec3047\">\n#top .av_textblock_section.av-mht51k7r-9629c463ccbd6ee00b45bb91cfec3047 .avia_textblock{\ncolumn-count:2;\n}\n<\/style>\n<section  class='av_textblock_section av-mht51k7r-9629c463ccbd6ee00b45bb91cfec3047'   itemscope=\"itemscope\" itemtype=\"https:\/\/schema.org\/CreativeWork\" ><div class='avia_textblock av_multi_colums'  itemprop=\"text\" ><p style=\"text-align: justify;\">EEVORK se enorgullece de representar los productos de Henghe, el mayor fabricante de resinas de hidrocarburos del mundo. Su oferta abarca desde resinas de mon\u00f3mero puro hasta resinas C9 polimerizadas t\u00e9rmica y catal\u00edticamente, pasando por resinas C5 modificadas alif\u00e1tica y arom\u00e1ticamente, y resinas hidrogenadas a base de materias primas C9, C5 y DCPD. Cada categor\u00eda ofrece una selecci\u00f3n de colores y puntos de reblandecimiento. Los expertos t\u00e9cnicos de EEVORK le ayudar\u00e1n a seleccionar la resina m\u00e1s adecuada para las necesidades espec\u00edficas de su aplicaci\u00f3n.<\/p>\n<\/div><\/section><\/p><\/div><\/div><\/div><\/div><!-- close content main div --><\/div><\/div>\n<style type=\"text\/css\" data-created_by=\"avia_inline_auto\" id=\"style-css-av-mg9pte6b-bd3f3f4c649750ede596077a90ee1b08\">\n.avia-section.av-mg9pte6b-bd3f3f4c649750ede596077a90ee1b08 .av-parallax .av-parallax-inner{\nbackground-repeat:no-repeat;\nbackground-image:url(https:\/\/eevork.com\/wp-content\/uploads\/2025\/10\/adesivos-footer.jpg);\nbackground-position:50% 50%;\nbackground-attachment:scroll;\n}\n<\/style>\n<div id='av_section_4'  class='avia-section av-mg9pte6b-bd3f3f4c649750ede596077a90ee1b08 main_color avia-section-huge avia-no-border-styling  avia-builder-el-25  el_after_av_section  el_before_av_section  av-parallax-section avia-bg-style-parallax container_wrap sidebar_right'  data-section-bg-repeat='no-repeat'><div class='av-parallax' data-avia-parallax-ratio='0.3' ><div class='av-parallax-inner main_color avia-full-stretch'><\/div><\/div><div class='container av-section-cont-open' ><div class='template-page content  av-content-small alpha units'><div class='post-entry post-entry-type-page post-entry-955'><div class='entry-content-wrapper clearfix'>\n\n<style type=\"text\/css\" data-created_by=\"avia_inline_auto\" id=\"style-css-av-mgtuu7bo-511d6be7565146f713021d58268575d2\">\n#top .hr.hr-invisible.av-mgtuu7bo-511d6be7565146f713021d58268575d2{\nheight:100px;\n}\n<\/style>\n<div  class='hr av-mgtuu7bo-511d6be7565146f713021d58268575d2 hr-invisible  avia-builder-el-26  avia-builder-el-no-sibling'><span class='hr-inner'><span class=\"hr-inner-style\"><\/span><\/span><\/div>\n<\/p>\n<\/div><\/div><\/div><!-- close content main div --><\/div><\/div><div id='av_section_5'  class='avia-section av-mg9ovnsd-c325a7b4e08b226ec726a4534fbf453b alternate_color avia-section-default avia-shadow  avia-builder-el-27  el_after_av_section  avia-builder-el-last  avia-bg-style-scroll container_wrap sidebar_right'  ><div class='container av-section-cont-open' ><div class='template-page content  av-content-small alpha units'><div class='post-entry post-entry-type-page post-entry-955'><div class='entry-content-wrapper clearfix'>\n<div  class='flex_column av-ktm2r-8bdba088067ca363432febf77a65e409 av_one_full  avia-builder-el-28  el_before_av_one_third  avia-builder-el-first  first flex_column_div'     ><style type=\"text\/css\" data-created_by=\"avia_inline_auto\" id=\"style-css-av-cxaqj-ca54015dc4197c6c1d61613f5e034e62\">\n#top .av-special-heading.av-cxaqj-ca54015dc4197c6c1d61613f5e034e62{\npadding-bottom:10px;\n}\nbody .av-special-heading.av-cxaqj-ca54015dc4197c6c1d61613f5e034e62 .av-special-heading-tag .heading-char{\nfont-size:25px;\n}\n.av-special-heading.av-cxaqj-ca54015dc4197c6c1d61613f5e034e62 .av-subheading{\nfont-size:15px;\n}\n<\/style>\n<div  class='av-special-heading av-cxaqj-ca54015dc4197c6c1d61613f5e034e62 av-special-heading-h1 blockquote modern-quote modern-centered  avia-builder-el-29  avia-builder-el-no-sibling'><h1 class='av-special-heading-tag'  itemprop=\"headline\"  >PRINCIPALES PRODUCTOS<\/h1><div class=\"special-heading-border\"><div class=\"special-heading-inner-border\"><\/div><\/div><\/div><\/div><div  class='flex_column av-2u7cpf-4d6bdb0d1a3f18bd8f84916096c4a554 av_one_third  avia-builder-el-30  el_after_av_one_full  el_before_av_one_third  first flex_column_div  column-top-margin'     ><article  class='iconbox iconbox_top av-mg9ovakm-9d43fa74ad3d0f627b09bc7e90e48d50  avia-builder-el-31  avia-builder-el-no-sibling  main_color'  itemscope=\"itemscope\" itemtype=\"https:\/\/schema.org\/CreativeWork\" ><div class=\"iconbox_content\"><header class=\"entry-content-header\"><div class=\"iconbox_icon heading-color\" aria-hidden='true' data-av_icon='\ue8cd' data-av_iconfont='entypo-fontello'><\/div><h3 class='iconbox_content_title'  itemprop=\"headline\" >ELAST\u00d3MEROS TERMOPL\u00c1STICOS<\/h3><\/header><div class='iconbox_content_container'  itemprop=\"text\" ><p style=\"text-align: left;\">\u2022 SBS<br \/>\n\u2022 SIS<br \/>\n\u2022 ESBS<br \/>\n\u2022 SSBR<br \/>\n\u2022 EPDM<br \/>\n\u2022 CR<\/p>\n<\/div><\/div><footer class=\"entry-footer\"><\/footer><\/article><\/div><div  class='flex_column av-2odsq3-f940346b4e74975032ebbf7a2ca6915b av_one_third  avia-builder-el-32  el_after_av_one_third  el_before_av_one_third  flex_column_div  column-top-margin'     ><article  class='iconbox iconbox_top av-2ky3sj-a7ffdb517707d94a9f98b2d6ffd231d3  avia-builder-el-33  avia-builder-el-no-sibling  main_color'  itemscope=\"itemscope\" itemtype=\"https:\/\/schema.org\/CreativeWork\" ><div class=\"iconbox_content\"><header class=\"entry-content-header\"><div class=\"iconbox_icon heading-color\" aria-hidden='true' data-av_icon='\ue8cd' data-av_iconfont='entypo-fontello'><\/div><h3 class='iconbox_content_title'  itemprop=\"headline\" >POL\u00cdMEROS TERMOPL\u00c1STICOS <\/h3><\/header><div class='iconbox_content_container'  itemprop=\"text\" ><p style=\"text-align: left;\">\u2022 APAO<br \/>\n\u2022 EVA<\/p>\n<\/div><\/div><footer class=\"entry-footer\"><\/footer><\/article><\/div><div  class='flex_column av-2firdv-649c09e1d777924c1d2c5659d4715b59 av_one_third  avia-builder-el-34  el_after_av_one_third  el_before_av_one_fourth  flex_column_div  column-top-margin'     ><article  class='iconbox iconbox_top av-26zwbf-12585aeb1beafff55c7c38da1f87906c  avia-builder-el-35  avia-builder-el-no-sibling  main_color'  itemscope=\"itemscope\" itemtype=\"https:\/\/schema.org\/CreativeWork\" ><div class=\"iconbox_content\"><header class=\"entry-content-header\"><div class=\"iconbox_icon heading-color\" aria-hidden='true' data-av_icon='\ue8cd' data-av_iconfont='entypo-fontello'><\/div><h3 class='iconbox_content_title'  itemprop=\"headline\" >AGENTES TACIFICANTES<\/h3><\/header><div class='iconbox_content_container'  itemprop=\"text\" ><p style=\"text-align: left;\">\u2022 Resinas de Hidrocarburos<br \/>\nC5, C9, C5-C9<br \/>\n\u2022 Resinas de Hidrocarburos<br \/>\n\u2022 Hidrogenadas C5, DCPD<\/p>\n<\/div><\/div><footer class=\"entry-footer\"><\/footer><\/article><\/div><div  class='flex_column av-nn9qz-918b7e2c52f600b460061080a4f7514b av_one_fourth  avia-builder-el-36  el_after_av_one_third  el_before_av_one_fourth  first flex_column_div  column-top-margin'     ><\/div><div  class='flex_column av-23c1ej-d76618c6f2689937e2828c94b986d9e0 av_one_fourth  avia-builder-el-37  el_after_av_one_fourth  el_before_av_one_fourth  flex_column_div  column-top-margin'     ><\/div><div  class='flex_column av-1rai5f-eddb3ad0b3b48ef627a51de513e52158 av_one_fourth  avia-builder-el-38  el_after_av_one_fourth  el_before_av_one_fourth  flex_column_div  column-top-margin'     ><article  class='iconbox iconbox_top av-1k55hn-e759943bb9a494f281bb8a7d9a5cd9fd  avia-builder-el-39  avia-builder-el-no-sibling  main_color'  itemscope=\"itemscope\" itemtype=\"https:\/\/schema.org\/CreativeWork\" ><div class=\"iconbox_content\"><header class=\"entry-content-header\"><div class=\"iconbox_icon heading-color\" aria-hidden='true' data-av_icon='\ue8cd' data-av_iconfont='entypo-fontello'><\/div><h3 class='iconbox_content_title'  itemprop=\"headline\" >OTROS<\/h3><\/header><div class='iconbox_content_container'  itemprop=\"text\" ><p style=\"text-align: left;\">\u2022 Ceras FT<\/p>\n<\/div><\/div><footer class=\"entry-footer\"><\/footer><\/article><\/div><div  class='flex_column av-ag3bf-fb376d52fb7cef6575e99602748c585c av_one_fourth  avia-builder-el-40  el_after_av_one_fourth  avia-builder-el-last  flex_column_div  column-top-margin'     ><\/div>\n<\/div><\/div><\/div><!-- close content main div --><\/div><\/div><div id='after_section_5'  class='main_color av_default_container_wrap container_wrap sidebar_right'  ><div class='container av-section-cont-open' ><div class='template-page content  av-content-small alpha units'><div class='post-entry post-entry-type-page post-entry-955'><div class='entry-content-wrapper clearfix'>","protected":false},"excerpt":{"rendered":"","protected":false},"author":1,"featured_media":0,"parent":0,"menu_order":0,"comment_status":"closed","ping_status":"closed","template":"","meta":{"footnotes":""},"class_list":["post-955","page","type-page","status-publish","hentry"],"_links":{"self":[{"href":"https:\/\/eevork.com\/es\/wp-json\/wp\/v2\/pages\/955","targetHints":{"allow":["GET"]}}],"collection":[{"href":"https:\/\/eevork.com\/es\/wp-json\/wp\/v2\/pages"}],"about":[{"href":"https:\/\/eevork.com\/es\/wp-json\/wp\/v2\/types\/page"}],"author":[{"embeddable":true,"href":"https:\/\/eevork.com\/es\/wp-json\/wp\/v2\/users\/1"}],"replies":[{"embeddable":true,"href":"https:\/\/eevork.com\/es\/wp-json\/wp\/v2\/comments?post=955"}],"version-history":[{"count":33,"href":"https:\/\/eevork.com\/es\/wp-json\/wp\/v2\/pages\/955\/revisions"}],"predecessor-version":[{"id":1145,"href":"https:\/\/eevork.com\/es\/wp-json\/wp\/v2\/pages\/955\/revisions\/1145"}],"wp:attachment":[{"href":"https:\/\/eevork.com\/es\/wp-json\/wp\/v2\/media?parent=955"}],"curies":[{"name":"wp","href":"https:\/\/api.w.org\/{rel}","templated":true}]}}