{"id":881,"date":"2025-09-09T15:00:57","date_gmt":"2025-09-09T18:00:57","guid":{"rendered":"https:\/\/eevork.com\/?page_id=881"},"modified":"2025-11-10T09:35:00","modified_gmt":"2025-11-10T12:35:00","slug":"oleochemicals","status":"publish","type":"page","link":"https:\/\/eevork.com\/es\/oleochemicals\/","title":{"rendered":"OLEOQU\u00cdMICOS"},"content":{"rendered":"<div id='av_section_1'  class='avia-section av-av_section-cc58a9646ea417935590865b2054e636 main_color avia-section-default avia-no-border-styling  avia-builder-el-0  el_before_av_section  avia-builder-el-first  avia-bg-style-scroll container_wrap sidebar_right'  ><div class='container av-section-cont-open' ><main  role=\"main\" itemprop=\"mainContentOfPage\"  class='template-page content  av-content-small alpha units'><div class='post-entry post-entry-type-page post-entry-881'><div class='entry-content-wrapper clearfix'>\n<div  class='flex_column av-av_one_third-dfffed1c4949eead95ef84c3cc332849 av_one_third  avia-builder-el-1  el_before_av_one_third  avia-builder-el-first  first flex_column_div'     ><\/div><div  class='flex_column av-av_one_third-54c7a8c687ceac98a88e72175089a99d av_one_third  avia-builder-el-2  el_after_av_one_third  el_before_av_one_third  flex_column_div'     ><style type=\"text\/css\" data-created_by=\"avia_inline_auto\" id=\"style-css-av-mht4k663-ac4d97878b6cc37b372754723d42fff7\">\n#top .av-special-heading.av-mht4k663-ac4d97878b6cc37b372754723d42fff7{\npadding-bottom:10px;\ncolor:#c6bc00;\nfont-size:60px;\n}\nbody .av-special-heading.av-mht4k663-ac4d97878b6cc37b372754723d42fff7 .av-special-heading-tag .heading-char{\nfont-size:25px;\n}\n#top #wrap_all .av-special-heading.av-mht4k663-ac4d97878b6cc37b372754723d42fff7 .av-special-heading-tag{\nfont-size:60px;\n}\n.av-special-heading.av-mht4k663-ac4d97878b6cc37b372754723d42fff7 .special-heading-inner-border{\nborder-color:#c6bc00;\n}\n.av-special-heading.av-mht4k663-ac4d97878b6cc37b372754723d42fff7 .av-subheading{\nfont-size:15px;\n}\n\n@media only screen and (min-width: 480px) and (max-width: 767px){ \n#top #wrap_all .av-special-heading.av-mht4k663-ac4d97878b6cc37b372754723d42fff7 .av-special-heading-tag{\nfont-size:0.8em;\n}\n}\n\n@media only screen and (max-width: 479px){ \n#top #wrap_all .av-special-heading.av-mht4k663-ac4d97878b6cc37b372754723d42fff7 .av-special-heading-tag{\nfont-size:0.8em;\n}\n}\n<\/style>\n<div  class='av-special-heading av-mht4k663-ac4d97878b6cc37b372754723d42fff7 av-special-heading-h1 custom-color-heading blockquote modern-quote modern-centered  avia-builder-el-3  avia-builder-el-no-sibling  av-inherit-size'><h1 class='av-special-heading-tag'  itemprop=\"headline\"  >EEVORK OLEOCHEMICALS<\/h1><div class=\"special-heading-border\"><div class=\"special-heading-inner-border\"><\/div><\/div><\/div><\/div><div  class='flex_column av-av_one_third-54c7a8c687ceac98a88e72175089a99d av_one_third  avia-builder-el-4  el_after_av_one_third  avia-builder-el-last  flex_column_div'     ><\/div><\/div><\/div><\/main><!-- close content main element --><\/div><\/div>\n<style type=\"text\/css\" data-created_by=\"avia_inline_auto\" id=\"style-css-av-iu0nbt-272d02c8a1738ee2d7605b632031d81b\">\n.avia-section.av-iu0nbt-272d02c8a1738ee2d7605b632031d81b .av-parallax .av-parallax-inner{\nbackground-repeat:no-repeat;\nbackground-image:url(https:\/\/eevork.com\/wp-content\/uploads\/2025\/10\/oil-capa.jpg);\nbackground-position:50% 100%;\nbackground-attachment:scroll;\n}\n<\/style>\n<div id='av_section_2'  class='avia-section av-iu0nbt-272d02c8a1738ee2d7605b632031d81b main_color avia-section-huge avia-no-border-styling  avia-builder-el-5  el_after_av_section  el_before_av_section  av-parallax-section avia-bg-style-parallax container_wrap sidebar_right'  data-section-bg-repeat='no-repeat'><div class='av-parallax' data-avia-parallax-ratio='0.3' ><div class='av-parallax-inner main_color avia-full-stretch'><\/div><\/div><div class='container av-section-cont-open' ><div class='template-page content  av-content-small alpha units'><div class='post-entry post-entry-type-page post-entry-881'><div class='entry-content-wrapper clearfix'>\n<div  class='flex_column av-ioh9ux-d3deb3bbef1ea44c7b0025d7ad900e8e av_one_half  avia-builder-el-6  el_before_av_one_half  avia-builder-el-first  first flex_column_div'     ><\/div>\n<style type=\"text\/css\" data-created_by=\"avia_inline_auto\" id=\"style-css-av-idu2c1-b950af04859a5569bebb58333db3b9af\">\n.flex_column.av-idu2c1-b950af04859a5569bebb58333db3b9af{\nborder-radius:20px 20px 20px 20px;\npadding:60px 60px 60px 60px;\nbackground-color:#ffffff;\n}\n<\/style>\n<div  class='flex_column av-idu2c1-b950af04859a5569bebb58333db3b9af av_one_half  avia-builder-el-7  el_after_av_one_half  avia-builder-el-last  flex_column_div'     ><section  class='av_textblock_section av-iat0ep-b82f15e560784c088527257fc339c3b8'   itemscope=\"itemscope\" itemtype=\"https:\/\/schema.org\/CreativeWork\" ><div class='avia_textblock'  itemprop=\"text\" ><p style=\"text-align: justify;\">EEVORK se destaca en la importaci\u00f3n, exportaci\u00f3n, fabricaci\u00f3n y distribuci\u00f3n de productos qu\u00edmicos. La l\u00ednea de oleoqu\u00edmicos incluye productos como aceites, \u00e1cidos grasos y alcoholes grasos. EEVORK se diferencia por la b\u00fasqueda de materias primas de alta calidad de proveedores globales y locales, enfoc\u00e1ndose en soluciones que aportan valor y eficiencia a los negocios de sus clientes, con un modelo de negocio que abarca log\u00edstica y entrega \u201cjust in time\u201d, adem\u00e1s de un enfoque innovador y orientado a resultados.<\/p>\n<p style=\"text-align: justify;\">La fabricaci\u00f3n de productos con la marca EEVORK se realiza mediante industrializaci\u00f3n por encargo con sus socios industriales.<\/p>\n<\/div><\/section><\/div>\n<\/p>\n<\/div><\/div><\/div><!-- close content main div --><\/div><\/div><div id='av_section_3'  class='avia-section av-i51qzl-6c88f8a9390af6c7a98a74fd13d36ddd main_color avia-section-huge avia-no-border-styling  avia-builder-el-9  el_after_av_section  el_before_av_section  avia-bg-style-scroll container_wrap sidebar_right'  ><div class='container av-section-cont-open' ><div class='template-page content  av-content-small alpha units'><div class='post-entry post-entry-type-page post-entry-881'><div class='entry-content-wrapper clearfix'>\n<div  class='flex_column av-hzfb6h-2967e5b25c0e3eb22ee0440f561bd0ae av_one_third  avia-builder-el-10  el_before_av_two_third  avia-builder-el-first  first flex_column_div'     ><p>\n<style type=\"text\/css\" data-created_by=\"avia_inline_auto\" id=\"style-css-av-1qt3ll-e59e5df2e9395a3aba2847030d1f9436\">\n#top .av-special-heading.av-1qt3ll-e59e5df2e9395a3aba2847030d1f9436{\npadding-bottom:10px;\ncolor:#999933;\n}\nbody .av-special-heading.av-1qt3ll-e59e5df2e9395a3aba2847030d1f9436 .av-special-heading-tag .heading-char{\nfont-size:25px;\n}\n.av-special-heading.av-1qt3ll-e59e5df2e9395a3aba2847030d1f9436 .special-heading-inner-border{\nborder-color:#999933;\n}\n.av-special-heading.av-1qt3ll-e59e5df2e9395a3aba2847030d1f9436 .av-subheading{\nfont-size:15px;\n}\n<\/style>\n<div  class='av-special-heading av-1qt3ll-e59e5df2e9395a3aba2847030d1f9436 av-special-heading-h1 custom-color-heading blockquote modern-quote  avia-builder-el-11  el_before_av_textblock  avia-builder-el-first'><h1 class='av-special-heading-tag'  itemprop=\"headline\"  >PRINCIPALES MERCADOS <\/h1><div class=\"special-heading-border\"><div class=\"special-heading-inner-border\"><\/div><\/div><\/div><br \/>\n<section  class='av_textblock_section av-hb2pb5-0c69492418da4230e46727a90195bdec'   itemscope=\"itemscope\" itemtype=\"https:\/\/schema.org\/CreativeWork\" ><div class='avia_textblock'  itemprop=\"text\" ><p style=\"text-align: justify;\">Nuestros productos se derivan de recursos forestales y vegetales naturalmente renovables, dise\u00f1ados espec\u00edficamente para su uso en una variedad de aplicaciones, tales como:<\/p>\n<\/div><\/section><\/p><\/div><div  class='flex_column av-h6viep-f476992bd639fce317dcb5c67a1f4d80 av_two_third  avia-builder-el-13  el_after_av_one_third  avia-builder-el-last  flex_column_div'     ><style type=\"text\/css\" data-created_by=\"avia_inline_auto\" id=\"style-css-av-gxzuox-095aedc72d1e58af0cb71f90f9f91ea1\">\n.avia-image-container.av-gxzuox-095aedc72d1e58af0cb71f90f9f91ea1 img.avia_image{\nbox-shadow:none;\n}\n.avia-image-container.av-gxzuox-095aedc72d1e58af0cb71f90f9f91ea1 .av-image-caption-overlay-center{\ncolor:#ffffff;\n}\n<\/style>\n<div  class='avia-image-container av-gxzuox-095aedc72d1e58af0cb71f90f9f91ea1 av-styling- avia-align-center  avia-builder-el-14  avia-builder-el-no-sibling'   itemprop=\"image\" itemscope=\"itemscope\" itemtype=\"https:\/\/schema.org\/ImageObject\" ><div class=\"avia-image-container-inner\"><div class=\"avia-image-overlay-wrap\"><img decoding=\"async\" fetchpriority=\"high\" class='wp-image-949 avia-img-lazy-loading-not-949 avia_image' src=\"https:\/\/eevork.com\/wp-content\/uploads\/2025\/10\/oil-prod.jpg\" alt='' title='oil-prod'  height=\"211\" width=\"691\"  itemprop=\"thumbnailUrl\" srcset=\"https:\/\/eevork.com\/wp-content\/uploads\/2025\/10\/oil-prod.jpg 691w, https:\/\/eevork.com\/wp-content\/uploads\/2025\/10\/oil-prod-300x92.jpg 300w\" sizes=\"(max-width: 691px) 100vw, 691px\" \/><\/div><\/div><\/div><\/div>\n\n<\/div><\/div><\/div><!-- close content main div --><\/div><\/div>\n<style type=\"text\/css\" data-created_by=\"avia_inline_auto\" id=\"style-css-av-gra8e1-d48ba489e22fba57571da563bd56e60c\">\n.avia-section.av-gra8e1-d48ba489e22fba57571da563bd56e60c{\nbackground-color:#ededed;\nbackground-image:unset;\n}\n<\/style>\n<div id='av_section_4'  class='avia-section av-gra8e1-d48ba489e22fba57571da563bd56e60c alternate_color avia-section-default avia-shadow  avia-builder-el-15  el_after_av_section  el_before_av_section  avia-bg-style-scroll container_wrap sidebar_right'  ><div class='container av-section-cont-open' ><div class='template-page content  av-content-small alpha units'><div class='post-entry post-entry-type-page post-entry-881'><div class='entry-content-wrapper clearfix'>\n<div  class='flex_column av-gl4gld-e4138b3ba13e315d2f4a2fb6be55f94d av_one_third  avia-builder-el-16  el_before_av_one_third  avia-builder-el-first  first flex_column_div'     ><style type=\"text\/css\" data-created_by=\"avia_inline_auto\" id=\"style-css-av-gik4ip-6ac40df02d35a21be6aed292ea0b777c\">\n.iconbox.av-gik4ip-6ac40df02d35a21be6aed292ea0b777c .iconbox_icon{\nbackground-color:#999933;\n}\n#top #wrap_all .iconbox.av-gik4ip-6ac40df02d35a21be6aed292ea0b777c .iconbox_content_title{\ncolor:#999933;\n}\n<\/style>\n<article  class='iconbox iconbox_top av-gik4ip-6ac40df02d35a21be6aed292ea0b777c  avia-builder-el-17  avia-builder-el-no-sibling  main_color'  itemscope=\"itemscope\" itemtype=\"https:\/\/schema.org\/CreativeWork\" ><div class=\"iconbox_content\"><header class=\"entry-content-header\"><div class=\"iconbox_icon heading-color\" aria-hidden='true' data-av_icon='\ue8cd' data-av_iconfont='entypo-fontello'><\/div><h3 class='iconbox_content_title'  itemprop=\"headline\" >LUBRICANTES<\/h3><\/header><div class='iconbox_content_container'  itemprop=\"text\" ><p>Coemulsionantes, inhibidores de corrosi\u00f3n, aditivos lubricantes<\/p>\n<\/div><\/div><footer class=\"entry-footer\"><\/footer><\/article><\/div><div  class='flex_column av-wen4x-2fc851afa473146f82d740c48548b025 av_one_third  avia-builder-el-18  el_after_av_one_third  el_before_av_one_third  flex_column_div'     ><style type=\"text\/css\" data-created_by=\"avia_inline_auto\" id=\"style-css-av-mgs9i0vj-e46b34c7decb3963811901d3e689c4af\">\n.iconbox.av-mgs9i0vj-e46b34c7decb3963811901d3e689c4af .iconbox_icon{\nbackground-color:#999933;\n}\n#top #wrap_all .iconbox.av-mgs9i0vj-e46b34c7decb3963811901d3e689c4af .iconbox_content_title{\ncolor:#999933;\n}\n<\/style>\n<article  class='iconbox iconbox_top av-mgs9i0vj-e46b34c7decb3963811901d3e689c4af  avia-builder-el-19  avia-builder-el-no-sibling  main_color'  itemscope=\"itemscope\" itemtype=\"https:\/\/schema.org\/CreativeWork\" ><div class=\"iconbox_content\"><header class=\"entry-content-header\"><div class=\"iconbox_icon heading-color\" aria-hidden='true' data-av_icon='\ue8cd' data-av_iconfont='entypo-fontello'><\/div><h3 class='iconbox_content_title'  itemprop=\"headline\" >PRODUCTOS QU\u00cdMICOS PARA CAMPOS PETROL\u00cdFEROS<\/h3><\/header><div class='iconbox_content_container'  itemprop=\"text\" ><p>Materias primas para la fabricaci\u00f3n de: emulsionantes, inhibidores de corrosi\u00f3n, formadores de pel\u00edcula y modificadores reol\u00f3gicos.<\/p>\n<\/div><\/div><footer class=\"entry-footer\"><\/footer><\/article><\/div><div  class='flex_column av-tnk09-60edf8ba0158d39e6b9c5b3ef0007ab7 av_one_third  avia-builder-el-20  el_after_av_one_third  el_before_av_one_third  flex_column_div'     ><style type=\"text\/css\" data-created_by=\"avia_inline_auto\" id=\"style-css-av-mgs9iao0-8a22f37932576850c52dc6869fcdd360\">\n.iconbox.av-mgs9iao0-8a22f37932576850c52dc6869fcdd360 .iconbox_icon{\nbackground-color:#999933;\n}\n#top #wrap_all .iconbox.av-mgs9iao0-8a22f37932576850c52dc6869fcdd360 .iconbox_content_title{\ncolor:#999933;\n}\n<\/style>\n<article  class='iconbox iconbox_top av-mgs9iao0-8a22f37932576850c52dc6869fcdd360  avia-builder-el-21  avia-builder-el-no-sibling  main_color'  itemscope=\"itemscope\" itemtype=\"https:\/\/schema.org\/CreativeWork\" ><div class=\"iconbox_content\"><header class=\"entry-content-header\"><div class=\"iconbox_icon heading-color\" aria-hidden='true' data-av_icon='\ue8cd' data-av_iconfont='entypo-fontello'><\/div><h3 class='iconbox_content_title'  itemprop=\"headline\" >MINER\u00cdA<\/h3><\/header><div class='iconbox_content_container'  itemprop=\"text\" ><p>Materias primas para la fabricaci\u00f3n de colectores ani\u00f3nicos y para la producci\u00f3n de agentes anti polvo.<\/p>\n<\/div><\/div><footer class=\"entry-footer\"><\/footer><\/article><\/div><div  class='flex_column av-mpelt-c4d07bfd0d1073b99a59ed38c4cf5700 av_one_third  avia-builder-el-22  el_after_av_one_third  el_before_av_one_third  first flex_column_div  column-top-margin'     ><style type=\"text\/css\" data-created_by=\"avia_inline_auto\" id=\"style-css-av-mgs9krup-3bd87dacd0d317387c8c12bd13df6b16\">\n.iconbox.av-mgs9krup-3bd87dacd0d317387c8c12bd13df6b16 .iconbox_icon{\nbackground-color:#999933;\n}\n#top #wrap_all .iconbox.av-mgs9krup-3bd87dacd0d317387c8c12bd13df6b16 .iconbox_content_title{\ncolor:#999933;\n}\n<\/style>\n<article  class='iconbox iconbox_top av-mgs9krup-3bd87dacd0d317387c8c12bd13df6b16  avia-builder-el-23  avia-builder-el-no-sibling  main_color'  itemscope=\"itemscope\" itemtype=\"https:\/\/schema.org\/CreativeWork\" ><div class=\"iconbox_content\"><header class=\"entry-content-header\"><div class=\"iconbox_icon heading-color\" aria-hidden='true' data-av_icon='\ue8cd' data-av_iconfont='entypo-fontello'><\/div><h3 class='iconbox_content_title'  itemprop=\"headline\" >JABONES Y DETERGENTES<\/h3><\/header><div class='iconbox_content_container'  itemprop=\"text\" ><p>Surfactantes y coemulsionantes para jabones y detergentes utilizados en una variedad de industrias.<\/p>\n<\/div><\/div><footer class=\"entry-footer\"><\/footer><\/article><\/div><div  class='flex_column av-gex21-582126b05f2a539638523ec4b0259ccb av_one_third  avia-builder-el-24  el_after_av_one_third  el_before_av_one_third  flex_column_div  column-top-margin'     ><style type=\"text\/css\" data-created_by=\"avia_inline_auto\" id=\"style-css-av-mgs9molq-b918ed6ddeae8b7ded9f40d5e413040f\">\n.iconbox.av-mgs9molq-b918ed6ddeae8b7ded9f40d5e413040f .iconbox_icon{\nbackground-color:#999933;\n}\n#top #wrap_all .iconbox.av-mgs9molq-b918ed6ddeae8b7ded9f40d5e413040f .iconbox_content_title{\ncolor:#999933;\n}\n<\/style>\n<article  class='iconbox iconbox_top av-mgs9molq-b918ed6ddeae8b7ded9f40d5e413040f  avia-builder-el-25  avia-builder-el-no-sibling  main_color'  itemscope=\"itemscope\" itemtype=\"https:\/\/schema.org\/CreativeWork\" ><div class=\"iconbox_content\"><header class=\"entry-content-header\"><div class=\"iconbox_icon heading-color\" aria-hidden='true' data-av_icon='\ue8cd' data-av_iconfont='entypo-fontello'><\/div><h3 class='iconbox_content_title'  itemprop=\"headline\" >INTERMEDIARIOS QU\u00cdMICOS<\/h3><\/header><div class='iconbox_content_container'  itemprop=\"text\" ><p>Diversos \u00e1cidos grasos con distintas caracter\u00edsticas utilizados como materia prima para nuevos derivados.<\/p>\n<\/div><\/div><footer class=\"entry-footer\"><\/footer><\/article><\/div><div  class='flex_column av-92zih-9119f94d54d8ca608b4359db5b95a70d av_one_third  avia-builder-el-26  el_after_av_one_third  avia-builder-el-last  flex_column_div  column-top-margin'     ><style type=\"text\/css\" data-created_by=\"avia_inline_auto\" id=\"style-css-av-mgs9ndop-41447705dc8a0706f0cc42a2d1c80912\">\n.iconbox.av-mgs9ndop-41447705dc8a0706f0cc42a2d1c80912 .iconbox_icon{\nbackground-color:#999933;\n}\n#top #wrap_all .iconbox.av-mgs9ndop-41447705dc8a0706f0cc42a2d1c80912 .iconbox_content_title{\ncolor:#999933;\n}\n<\/style>\n<article  class='iconbox iconbox_top av-mgs9ndop-41447705dc8a0706f0cc42a2d1c80912  avia-builder-el-27  avia-builder-el-no-sibling  main_color'  itemscope=\"itemscope\" itemtype=\"https:\/\/schema.org\/CreativeWork\" ><div class=\"iconbox_content\"><header class=\"entry-content-header\"><div class=\"iconbox_icon heading-color\" aria-hidden='true' data-av_icon='\ue8cd' data-av_iconfont='entypo-fontello'><\/div><h3 class='iconbox_content_title'  itemprop=\"headline\" >CAUCHO<\/h3><\/header><div class='iconbox_content_container'  itemprop=\"text\" ><p>Emulsionantes para la polimerizaci\u00f3n de SBR, NBR, ABS, L\u00e1tex y SAN.<\/p>\n<\/div><\/div><footer class=\"entry-footer\"><\/footer><\/article><\/div>\n\n<\/div><\/div><\/div><!-- close content main div --><\/div><\/div>\n<style type=\"text\/css\" data-created_by=\"avia_inline_auto\" id=\"style-css-av-dpemdt-b746f6f8b1292797546aca0014cd1973\">\n.avia-section.av-dpemdt-b746f6f8b1292797546aca0014cd1973 .av-parallax .av-parallax-inner{\nbackground-repeat:no-repeat;\nbackground-image:url(https:\/\/eevork.com\/wp-content\/uploads\/2025\/10\/oil-lombada.jpg);\nbackground-position:50% 50%;\nbackground-attachment:scroll;\n}\n<\/style>\n<div id='av_section_5'  class='avia-section av-dpemdt-b746f6f8b1292797546aca0014cd1973 main_color avia-section-huge avia-no-border-styling  avia-builder-el-28  el_after_av_section  el_before_av_section  av-parallax-section avia-bg-style-parallax container_wrap sidebar_right'  data-section-bg-repeat='no-repeat'><div class='av-parallax' data-avia-parallax-ratio='0.3' ><div class='av-parallax-inner main_color avia-full-stretch'><\/div><\/div><div class='container av-section-cont-open' ><div class='template-page content  av-content-small alpha units'><div class='post-entry post-entry-type-page post-entry-881'><div class='entry-content-wrapper clearfix'>\n<\/div><\/div><\/div><!-- close content main div --><\/div><\/div><div id='av_section_6'  class='avia-section av-djfvo9-46604a19560565a45e538a06137b2bb8 main_color avia-section-default avia-no-border-styling  avia-builder-el-29  el_after_av_section  avia-builder-el-last  avia-bg-style-scroll container_wrap sidebar_right'  ><div class='container av-section-cont-open' ><div class='template-page content  av-content-small alpha units'><div class='post-entry post-entry-type-page post-entry-881'><div class='entry-content-wrapper clearfix'>\n<div  class='flex_column av-daax2x-ae0237027a7264293a9ed4bc3a02c5a8 av_one_full  avia-builder-el-30  el_before_av_one_fourth  avia-builder-el-first  first flex_column_div'     ><style type=\"text\/css\" data-created_by=\"avia_inline_auto\" id=\"style-css-av-d4dz6p-e6cd6ec3e229800ccbf0d048e7d19fbd\">\n#top .av-special-heading.av-d4dz6p-e6cd6ec3e229800ccbf0d048e7d19fbd{\npadding-bottom:10px;\ncolor:#999933;\n}\nbody .av-special-heading.av-d4dz6p-e6cd6ec3e229800ccbf0d048e7d19fbd .av-special-heading-tag .heading-char{\nfont-size:25px;\n}\n.av-special-heading.av-d4dz6p-e6cd6ec3e229800ccbf0d048e7d19fbd .special-heading-inner-border{\nborder-color:#999933;\n}\n.av-special-heading.av-d4dz6p-e6cd6ec3e229800ccbf0d048e7d19fbd .av-subheading{\nfont-size:15px;\n}\n<\/style>\n<div  class='av-special-heading av-d4dz6p-e6cd6ec3e229800ccbf0d048e7d19fbd av-special-heading-h1 custom-color-heading blockquote modern-quote modern-centered  avia-builder-el-31  avia-builder-el-no-sibling'><h1 class='av-special-heading-tag'  itemprop=\"headline\"  >L\u00cdNEA BioFA<\/h1><div class=\"special-heading-border\"><div class=\"special-heading-inner-border\"><\/div><\/div><\/div><\/div><div  class='flex_column av-cfojw9-0a09e716bac6e8010df736d1d9b15ec8 av_one_fourth  avia-builder-el-32  el_after_av_one_full  el_before_av_one_half  first flex_column_div  column-top-margin'     ><\/div><div  class='flex_column av-d0njoh-303c6d39e0d5f230dabc9b8f838b37ff av_one_half  avia-builder-el-33  el_after_av_one_fourth  el_before_av_one_fourth  flex_column_div  column-top-margin'     ><section  class='av_textblock_section av-cokap5-1c68e45801005b552fa29d88131888d8'   itemscope=\"itemscope\" itemtype=\"https:\/\/schema.org\/CreativeWork\" ><div class='avia_textblock'  itemprop=\"text\" ><p style=\"text-align: justify;\" class=\"translation-block\">La l\u00ednea BioFA es una l\u00ednea de productos innovadora desarrollada en respuesta a la limitada disponibilidad de \u00e1cidos grasos derivados del aceite de tallo. EEVORK, junto con su socio, desarroll\u00f3 la l\u00ednea de \u00e1cidos grasos BioFA.\n\nBas\u00e1ndose en un profundo conocimiento de las necesidades operativas de los \u00e1cidos grasos del aceite de tallo y sus ventajas en aplicaciones de lubricantes qu\u00edmicos para yacimientos petrol\u00edferos e intermedios qu\u00edmicos, EEVORK ofrece la l\u00ednea BioFA como un sustituto ideal para los \u00e1cidos grasos del aceite de tallo.\n\nDesarrollada a partir de matrices vegetales distintas al aceite de tallo, su disponibilidad y estructura de costos son completamente independientes de las aplicaciones de biocombustibles incentivadas en la cadena de productos del aceite de tallo.\n\nCentr\u00e1ndose en los atributos de calidad m\u00e1s importantes de los \u00e1cidos grasos del aceite de tallo, como su bajo contenido de \u00e1cido c\u00edtrico, su color neutro, su estabilidad de color, su alto \u00edndice de yodo y, muy importante, su bajo olor, la l\u00ednea de productos EK BioFA se convierte en la opci\u00f3n natural para reemplazar los \u00e1cidos grasos del aceite de tallo.<\/p>\n<\/div><\/section><\/div><div  class='flex_column av-77gyh-662499280e0cd78c6cb32aa8a21817de av_one_fourth  avia-builder-el-35  el_after_av_one_half  avia-builder-el-last  flex_column_div  column-top-margin'     ><\/div>\n<\/div><\/div><\/div><!-- close content main div --><\/div><\/div><div id='after_section_6'  class='main_color av_default_container_wrap container_wrap sidebar_right'  ><div class='container av-section-cont-open' ><div class='template-page content  av-content-small alpha units'><div class='post-entry post-entry-type-page post-entry-881'><div class='entry-content-wrapper clearfix'>","protected":false},"excerpt":{"rendered":"","protected":false},"author":1,"featured_media":0,"parent":0,"menu_order":0,"comment_status":"closed","ping_status":"closed","template":"","meta":{"footnotes":""},"class_list":["post-881","page","type-page","status-publish","hentry"],"_links":{"self":[{"href":"https:\/\/eevork.com\/es\/wp-json\/wp\/v2\/pages\/881","targetHints":{"allow":["GET"]}}],"collection":[{"href":"https:\/\/eevork.com\/es\/wp-json\/wp\/v2\/pages"}],"about":[{"href":"https:\/\/eevork.com\/es\/wp-json\/wp\/v2\/types\/page"}],"author":[{"embeddable":true,"href":"https:\/\/eevork.com\/es\/wp-json\/wp\/v2\/users\/1"}],"replies":[{"embeddable":true,"href":"https:\/\/eevork.com\/es\/wp-json\/wp\/v2\/comments?post=881"}],"version-history":[{"count":19,"href":"https:\/\/eevork.com\/es\/wp-json\/wp\/v2\/pages\/881\/revisions"}],"predecessor-version":[{"id":884,"href":"https:\/\/eevork.com\/es\/wp-json\/wp\/v2\/pages\/881\/revisions\/884"}],"wp:attachment":[{"href":"https:\/\/eevork.com\/es\/wp-json\/wp\/v2\/media?parent=881"}],"curies":[{"name":"wp","href":"https:\/\/api.w.org\/{rel}","templated":true}]}}