{"id":88,"date":"2020-08-26T13:33:23","date_gmt":"2020-08-26T16:33:23","guid":{"rendered":"https:\/\/eevork.com.br\/?page_id=88"},"modified":"2025-10-20T17:45:59","modified_gmt":"2025-10-20T20:45:59","slug":"sobre","status":"publish","type":"page","link":"https:\/\/eevork.com\/es\/sobre\/","title":{"rendered":"ACERCA DE"},"content":{"rendered":"<div id='av_section_1'  class='avia-section av-kebozksx-fc4327cb8819245d336cfd089f7f2c79 main_color avia-section-large avia-shadow  avia-builder-el-0  el_before_av_section  avia-builder-el-first  avia-bg-style-scroll container_wrap sidebar_right'  ><div class='container av-section-cont-open' ><main  role=\"main\" itemprop=\"mainContentOfPage\"  class='template-page content  av-content-small alpha units'><div class='post-entry post-entry-type-page post-entry-88'><div class='entry-content-wrapper clearfix'>\n\n<style type=\"text\/css\" data-created_by=\"avia_inline_auto\" id=\"style-css-av-3po3s-6f3f8b46a2984169b227741eaa2cef36\">\n.flex_column.av-3po3s-6f3f8b46a2984169b227741eaa2cef36{\nborder-radius:0px 0px 0px 0px;\npadding:0px 0px 0px 0px;\n}\n<\/style>\n<div  class='flex_column av-3po3s-6f3f8b46a2984169b227741eaa2cef36 av_one_full  avia-builder-el-1  el_before_av_one_full  avia-builder-el-first  first flex_column_div av-animated-generic bottom-to-top av-zero-column-padding'     ><section  class='av_textblock_section av-kebp0vmr-1a69e44ec18b0d9753d228774d7bf13f'   itemscope=\"itemscope\" itemtype=\"https:\/\/schema.org\/CreativeWork\" ><div class='avia_textblock'  itemprop=\"text\" ><p style=\"text-align: justify;\">Somos su socio ideal en la b\u00fasqueda de materias primas de alta calidad y operamos con un enfoque a largo plazo y en el establecimiento de alianzas duraderas que beneficien a toda la cadena de suministro. Trabajamos con un enfoque integral:<\/p>\n<ul>\n<li style=\"text-align: justify;\"><strong>Exportar<\/strong>Exportamos materias primas renovables en las que Brasil tiene ventajas comparativas, y prestamos servicio en todos los continentes a trav\u00e9s de diversos pa\u00edses.<\/li>\n<li style=\"text-align: justify;\"><strong>Importar<\/strong>Importamos productos qu\u00edmicos especializados para los diversos mercados en los que operamos, aportando calidad y una excelente relaci\u00f3n coste-beneficio.<\/li>\n<li style=\"text-align: justify;\"><strong>Manufaturados<\/strong>A trav\u00e9s de nuestras alianzas con productores brasile\u00f1os, llevamos nuestra tecnolog\u00eda a nuestros clientes en diversos productos, tanto en Brasil como en todo el mundo.<\/li>\n<\/ul>\n<\/div><\/section><\/div>\n<style type=\"text\/css\" data-created_by=\"avia_inline_auto\" id=\"style-css-av-be0sk-c7babaad89502782100b6499f1ebba82\">\n.flex_column.av-be0sk-c7babaad89502782100b6499f1ebba82{\nborder-radius:0px 0px 0px 0px;\npadding:0px 0px 0px 0px;\n}\n<\/style>\n<div  class='flex_column av-be0sk-c7babaad89502782100b6499f1ebba82 av_one_full  avia-builder-el-3  el_after_av_one_full  avia-builder-el-last  first flex_column_div av-animated-generic right-to-left av-zero-column-padding  column-top-margin'     ><p>\n<style type=\"text\/css\" data-created_by=\"avia_inline_auto\" id=\"style-css-av-astg0-4ce849a8a619f0fa658a217b63084dc2\">\n#top .av-special-heading.av-astg0-4ce849a8a619f0fa658a217b63084dc2{\npadding-bottom:10px;\n}\nbody .av-special-heading.av-astg0-4ce849a8a619f0fa658a217b63084dc2 .av-special-heading-tag .heading-char{\nfont-size:25px;\n}\n.av-special-heading.av-astg0-4ce849a8a619f0fa658a217b63084dc2 .av-subheading{\nfont-size:15px;\n}\n<\/style>\n<div  class='av-special-heading av-astg0-4ce849a8a619f0fa658a217b63084dc2 av-special-heading-h3 blockquote modern-quote modern-centered  avia-builder-el-4  el_before_av_table  avia-builder-el-first'><h3 class='av-special-heading-tag'  itemprop=\"headline\"  >Marco de Operaciones ESG<\/h3><div class=\"special-heading-border\"><div class=\"special-heading-inner-border\"><\/div><\/div><\/div><br \/>\n<div class='avia-data-table-wrap av-af7jw-512bd75f5808d97e7fa1656d67d458dc avia_responsive_table avia-table-1'><table  class='avia-table avia-data-table avia_pricing_default  avia-builder-el-5  el_after_av_heading  avia-builder-el-last'  itemscope=\"itemscope\" itemtype=\"https:\/\/schema.org\/Table\" ><tbody><tr class='avia-heading-row'><th class=''>CUMPLIMIENTO<br \/>\n<\/th><th class=''>INNOVACI\u00d3N<\/th><\/tr><tr class=''><td class=''>Nos aseguramos de que nosotros, nuestros empleados y nuestras operaciones cumplan plenamente con las leyes, reglamentos, normas internas y est\u00e1ndares \u00e9ticos aplicables.<\/td><td class=''>Estamos convencidos de que siempre hay una mejor manera. Por eso fomentamos activamente la generaci\u00f3n de ideas y buscamos soluciones y productos innovadores.<\/td><\/tr><tr class='avia-heading-row'><th class=''>RESULTADOS<\/th><th class=''>RESPONSABILIDAD SOCIAL<\/th><\/tr><tr class=''><td class=''>Buscamos aportar valor a la cadena de producci\u00f3n, generando resultados para nuestros proveedores y clientes y reduciendo los costes de transacci\u00f3n.<\/td><td class=''>Implica el cuidado de las personas, la seguridad, la salud, el medio ambiente y el concepto de cumplir con el rol social que le corresponde como organizaci\u00f3n.<\/td><\/tr><\/tbody><\/table><\/div><style type='text\/css'>.avia-table-1 td:nth-of-type(1):before { content: 'COMPLIANCE\n'; } .avia-table-1 td:nth-of-type(2):before { content: 'INOVA\u00c7\u00c3O'; } <\/style><\/p><\/div>\n\n<\/div><\/div><\/main><!-- close content main element --><\/div><\/div>\n<style type=\"text\/css\" data-created_by=\"avia_inline_auto\" id=\"style-css-av-kebozksx-26-a639d0fe98f79ab4ca67ad0c6426080b\">\n.avia-section.av-kebozksx-26-a639d0fe98f79ab4ca67ad0c6426080b{\nbackground-color:#3a5bbf;\nbackground-image:unset;\n}\n<\/style>\n<div id='visao'  class='avia-section av-kebozksx-26-a639d0fe98f79ab4ca67ad0c6426080b main_color avia-section-large avia-shadow  avia-builder-el-6  el_after_av_section  el_before_av_layout_row  avia-bg-style-scroll container_wrap sidebar_right'  ><div class='container av-section-cont-open' ><div class='template-page content  av-content-small alpha units'><div class='post-entry post-entry-type-page post-entry-88'><div class='entry-content-wrapper clearfix'>\n\n\n<style type=\"text\/css\" data-created_by=\"avia_inline_auto\" id=\"style-css-av-2xwss-dbe9a6c35c1f91177a75a035154a8f13\">\n.flex_column.av-2xwss-dbe9a6c35c1f91177a75a035154a8f13{\nborder-radius:0px 0px 0px 0px;\npadding:0px 0px 0px 0px;\n}\n<\/style>\n<div  class='flex_column av-2xwss-dbe9a6c35c1f91177a75a035154a8f13 av_one_third  avia-builder-el-8  el_after_av_codeblock  el_before_av_two_third  first flex_column_div av-animated-generic right-to-left av-zero-column-padding'     ><style type=\"text\/css\" data-created_by=\"avia_inline_auto\" id=\"style-css-av-kebpjkcn-8a5d54ace03e9b48e058da1aae45d652\">\n.iconbox.av-kebpjkcn-8a5d54ace03e9b48e058da1aae45d652 .iconbox_icon{\nbackground-color:#ffffff;\ncolor:#3a5bbf;\n}\n<\/style>\n<article  class='iconbox iconbox_top av-kebpjkcn-8a5d54ace03e9b48e058da1aae45d652 av-icon-style-no-border  avia-builder-el-9  avia-builder-el-no-sibling  main_color'  itemscope=\"itemscope\" itemtype=\"https:\/\/schema.org\/CreativeWork\" ><div class=\"iconbox_content\"><header class=\"entry-content-header\"><div class=\"iconbox_icon heading-color\" aria-hidden='true' data-av_icon='\ue826' data-av_iconfont='entypo-fontello'><\/div><h3 class='iconbox_content_title'  itemprop=\"headline\" >VISI\u00d3N<\/h3><\/header><div class='iconbox_content_container'  itemprop=\"text\" ><p style=\"text-align: justify;\">Ser reconocido como socio en la b\u00fasqueda de productos qu\u00edmicos de Brasil y para Brasil, creando valor para sus clientes, proveedores y partes interesadas.<\/p>\n<\/div><\/div><footer class=\"entry-footer\"><\/footer><\/article><\/div>\n<style type=\"text\/css\" data-created_by=\"avia_inline_auto\" id=\"style-css-av-2808k-779416482fa4e51bdd86ea3f80e0ab56\">\n.flex_column.av-2808k-779416482fa4e51bdd86ea3f80e0ab56{\nborder-radius:0px 0px 0px 0px;\npadding:0px 0px 0px 0px;\n}\n.avia_transform .flex_column.av-2808k-779416482fa4e51bdd86ea3f80e0ab56{\nanimation-duration:1.5s;\n}\n<\/style>\n<div  class='flex_column av-2808k-779416482fa4e51bdd86ea3f80e0ab56 av_two_third  avia-builder-el-10  el_after_av_one_third  avia-builder-el-last  flex_column_div av-animated-generic right-to-left av-zero-column-padding'     ><style type=\"text\/css\" data-created_by=\"avia_inline_auto\" id=\"style-css-av-kebpjkcn-23-151fe182120a50720f3d1c8a244afecb\">\n.iconbox.av-kebpjkcn-23-151fe182120a50720f3d1c8a244afecb .iconbox_icon{\nbackground-color:#ffffff;\ncolor:#3a5bbf;\n}\n<\/style>\n<article  class='iconbox iconbox_top av-kebpjkcn-23-151fe182120a50720f3d1c8a244afecb av-icon-style-no-border  avia-builder-el-11  avia-builder-el-no-sibling  main_color'  itemscope=\"itemscope\" itemtype=\"https:\/\/schema.org\/CreativeWork\" ><div class=\"iconbox_content\"><header class=\"entry-content-header\"><div class=\"iconbox_icon heading-color\" aria-hidden='true' data-av_icon='\ue82a' data-av_iconfont='entypo-fontello'><\/div><h3 class='iconbox_content_title'  itemprop=\"headline\" >MISI\u00d3N<\/h3><\/header><div class='iconbox_content_container'  itemprop=\"text\" ><p style=\"text-align: justify;\">Representamos, importamos, exportamos y distribuimos productos qu\u00edmicos para la industria, bas\u00e1ndonos en s\u00f3lidas relaciones comerciales, agregando valor y buscando incrementar las ganancias de nuestros clientes y proveedores, a trav\u00e9s de un enfoque t\u00e9cnico, basado en nuestros valores, con \u00e9nfasis en la eficiencia y las necesidades de nuestros clientes.<\/p>\n<\/div><\/div><footer class=\"entry-footer\"><\/footer><\/article><\/div>\n\n<\/div><\/div><\/div><!-- close content main div --><\/div><\/div><div id='av-layout-grid-1'  class='av-layout-grid-container av-kebs1u9h-5918dfdaf935db184c3b266f6ad6a535 entry-content-wrapper main_color av-flex-cells  avia-builder-el-12  el_after_av_section  el_before_av_section  grid-row-not-first  container_wrap sidebar_right'  >\n\n<style type=\"text\/css\" data-created_by=\"avia_inline_auto\" id=\"style-css-av-kebpph3a-df3030e23a950332252d0bf86d807a9c\">\n.flex_cell.av-kebpph3a-df3030e23a950332252d0bf86d807a9c{\nvertical-align:top;\n}\n.responsive #top #wrap_all .flex_cell.av-kebpph3a-df3030e23a950332252d0bf86d807a9c{\npadding:120px 60px 120px 60px !important;\n}\n<\/style>\n<div class='flex_cell av-kebpph3a-df3030e23a950332252d0bf86d807a9c av-gridrow-cell av_one_half no_margin  avia-builder-el-13  el_before_av_cell_one_half  avia-builder-el-first'  ><div class='flex_cell_inner'><p>\n<style type=\"text\/css\" data-created_by=\"avia_inline_auto\" id=\"style-css-av-1hm08-6f39172007355ed719759fbc34dac806\">\n.flex_column.av-1hm08-6f39172007355ed719759fbc34dac806{\nborder-radius:0px 0px 0px 0px;\npadding:0px 0px 0px 0px;\n}\n<\/style>\n<div  class='flex_column av-1hm08-6f39172007355ed719759fbc34dac806 av_one_third  avia-builder-el-14  el_before_av_two_third  avia-builder-el-first  first flex_column_div av-zero-column-padding'     ><\/div>\n<style type=\"text\/css\" data-created_by=\"avia_inline_auto\" id=\"style-css-av-urs8-518db1def8ee41f85229140ff4ac52bd\">\n.flex_column.av-urs8-518db1def8ee41f85229140ff4ac52bd{\nborder-radius:0px 0px 0px 0px;\npadding:0px 0px 0px 0px;\n}\n<\/style>\n<div  class='flex_column av-urs8-518db1def8ee41f85229140ff4ac52bd av_two_third  avia-builder-el-16  el_after_av_one_third  avia-builder-el-last  flex_column_div av-animated-generic left-to-right av-zero-column-padding'     ><article  class='iconbox iconbox_top av-kebpjkcn-22-819b5f0a0f21b98042274c1827b18cd7 av-icon-style-no-border  avia-builder-el-17  avia-builder-el-no-sibling  main_color'  itemscope=\"itemscope\" itemtype=\"https:\/\/schema.org\/CreativeWork\" ><div class=\"iconbox_content\"><header class=\"entry-content-header\"><div class=\"iconbox_icon heading-color\" aria-hidden='true' data-av_icon='\ue809' data-av_iconfont='entypo-fontello'><\/div><h3 class='iconbox_content_title'  itemprop=\"headline\" >NUESTRO ADN<\/h3><\/header><div class='iconbox_content_container'  itemprop=\"text\" ><p style=\"text-align: justify;\"><strong>Salud, Seguridad y <b>Sostenibilidad<\/b><\/strong>La consecuci\u00f3n de cero incidentes y el cuidado por garantizar que se apliquen los principios de sostenibilidad deben impregnar todas las acciones de la empresa.<\/p>\n<p style=\"text-align: justify;\"><strong>Orientaci\u00f3n al cliente<\/strong>Nuestro objetivo es aportar valor a nuestros clientes encontrando las mejores opciones de productos para ellos.<\/p>\n<p style=\"text-align: justify;\"><strong>Innovaci\u00f3n<\/strong>: <span style=\"font-weight: 400;\">Temos a convic\u00e7\u00e3o de <\/span><span style=\"font-weight: 400;\">que siempre <\/span><span style=\"font-weight: 400;\">Hay un camino mejor.<\/span> <span style=\"font-weight: 400;\">Por eso fomentamos activamente la generaci\u00f3n de ideas y buscamos soluciones.<\/span><span style=\"font-weight: 400;\"> y productos innovadores<\/span><\/p>\n<p style=\"text-align: justify;\"><strong>Conformidad<\/strong>Garantizamos a nuestros grupos de inter\u00e9s que siempre operaremos de forma legal y con buen gobierno corporativo; la honestidad, la integridad y la transparencia ser\u00e1n las bases fundamentales de nuestras relaciones con nuestros grupos de inter\u00e9s. <span style=\"font-weight: 400;\">stakeholders<\/span><\/p>\n<p style=\"text-align: justify;\"><strong>Entorno creativo<\/strong>: <span style=\"font-weight: 400;\">Garantizamos que mantendremos y fomentaremos una cultura inclusiva y global. <\/span><span style=\"font-weight: 400;\">onde<\/span><span style=\"font-weight: 400;\"> Todos obtienen satisfacci\u00f3n de su trabajo, <\/span><span style=\"font-weight: 400;\">alentador<\/span><span style=\"font-weight: 400;\"> Diferentes opiniones y libre expresi\u00f3n en un entorno de creaci\u00f3n constante.<\/span>.<\/p>\n<p style=\"text-align: justify;\"><strong>Resultados<\/strong>Buscaremos el crecimiento de nuestra empresa, no centr\u00e1ndonos \u00fanicamente en el resultado financiero, sino tambi\u00e9n considerando el significado del resultado como la evoluci\u00f3n del conjunto.<\/p>\n<\/div><\/div><footer class=\"entry-footer\"><\/footer><\/article><\/div><\/p>\n<\/div><\/div>\n<style type=\"text\/css\" data-created_by=\"avia_inline_auto\" id=\"style-css-av-kebqxaz8-9b98e69aa041b91ebdc70368300782a8\">\n.flex_cell.av-kebqxaz8-9b98e69aa041b91ebdc70368300782a8{\nvertical-align:middle;\nbackground:url(https:\/\/eevork.com\/wp-content\/uploads\/2025\/09\/floresta.webp) 100% 50% no-repeat scroll ;\n}\n.responsive #top #wrap_all .flex_cell.av-kebqxaz8-9b98e69aa041b91ebdc70368300782a8{\npadding:30px 30px 30px 30px !important;\n}\n<\/style>\n<div class='flex_cell av-kebqxaz8-9b98e69aa041b91ebdc70368300782a8 av-gridrow-cell av_one_half no_margin  avia-builder-el-18  el_after_av_cell_one_half  avia-builder-el-last  avia-full-stretch'  ><div class='flex_cell_inner'>\n<style type=\"text\/css\" data-created_by=\"avia_inline_auto\" id=\"style-css-av-kebqy827-cc76f94b272809a4ccd3165f3d5e5e8f\">\n#top .hr.hr-invisible.av-kebqy827-cc76f94b272809a4ccd3165f3d5e5e8f{\nheight:400px;\n}\n<\/style>\n<div  class='hr av-kebqy827-cc76f94b272809a4ccd3165f3d5e5e8f hr-invisible  avia-builder-el-19  avia-builder-el-no-sibling'><span class='hr-inner'><span class=\"hr-inner-style\"><\/span><\/span><\/div>\n<\/div><\/div>\n<\/div>\n<div id='av_section_3'  class='avia-section av-kf9u677l-422557079e6cbc4cf6e1a2d4fb8aadbd main_color avia-section-default avia-shadow  avia-builder-el-20  el_after_av_layout_row  avia-builder-el-last  avia-bg-style-scroll container_wrap sidebar_right'  ><div class='container av-section-cont-open' ><div class='template-page content  av-content-small alpha units'><div class='post-entry post-entry-type-page post-entry-88'><div class='entry-content-wrapper clearfix'>\n\n<style type=\"text\/css\" data-created_by=\"avia_inline_auto\" id=\"style-css-av-1e88w-1ecdd81064857867350d290896a7b4b4\">\n.flex_column.av-1e88w-1ecdd81064857867350d290896a7b4b4{\nborder-radius:0px 0px 0px 0px;\npadding:0px 0px 0px 0px;\n}\n<\/style>\n<div  class='flex_column av-1e88w-1ecdd81064857867350d290896a7b4b4 av_one_full  avia-builder-el-21  el_before_av_two_fifth  avia-builder-el-first  first flex_column_div av-animated-generic pop-up av-zero-column-padding'     ><br \/>\n\n<style type=\"text\/css\" data-created_by=\"avia_inline_auto\" id=\"style-css-av-15t8k-5f0df0cd199fe933ecb42e4fd3eaec52\">\n#top .av-special-heading.av-15t8k-5f0df0cd199fe933ecb42e4fd3eaec52{\npadding-bottom:10px;\n}\nbody .av-special-heading.av-15t8k-5f0df0cd199fe933ecb42e4fd3eaec52 .av-special-heading-tag .heading-char{\nfont-size:25px;\n}\n.av-special-heading.av-15t8k-5f0df0cd199fe933ecb42e4fd3eaec52 .av-subheading{\nfont-size:15px;\n}\n<\/style>\n<div  class='av-special-heading av-15t8k-5f0df0cd199fe933ecb42e4fd3eaec52 av-special-heading-h3 blockquote modern-quote modern-centered  avia-builder-el-23  el_after_av_codeblock  avia-builder-el-last'><h3 class='av-special-heading-tag'  itemprop=\"headline\"  >C\u00d3DIGO \u00c9TICO <span class='special_amp'>&amp;<\/span> CONDUCTA EMPRESARIAL<\/h3><div class=\"special-heading-border\"><div class=\"special-heading-inner-border\"><\/div><\/div><\/div><\/p><\/div>\n<style type=\"text\/css\" data-created_by=\"avia_inline_auto\" id=\"style-css-av-1xnjw-4551ac42b1b68ad876f818c85ac267f4\">\n.flex_column.av-1xnjw-4551ac42b1b68ad876f818c85ac267f4{\nborder-radius:0px 0px 0px 0px;\npadding:0px 0px 0px 0px;\n}\n<\/style>\n<div  class='flex_column av-1xnjw-4551ac42b1b68ad876f818c85ac267f4 av_two_fifth  avia-builder-el-24  el_after_av_one_full  el_before_av_three_fifth  first flex_column_div av-animated-generic bottom-to-top av-zero-column-padding  column-top-margin'     ><style type=\"text\/css\" data-created_by=\"avia_inline_auto\" id=\"style-css-av-kf9uaz3q-4751a11da0037a0ae75a0911f970a2aa\">\n.avia-image-container.av-kf9uaz3q-4751a11da0037a0ae75a0911f970a2aa img.avia_image{\nbox-shadow:none;\n}\n.avia-image-container.av-kf9uaz3q-4751a11da0037a0ae75a0911f970a2aa .av-image-caption-overlay-center{\ncolor:#ffffff;\n}\n<\/style>\n<div  class='avia-image-container av-kf9uaz3q-4751a11da0037a0ae75a0911f970a2aa av-styling- avia-align-center  avia-builder-el-25  avia-builder-el-no-sibling'   itemprop=\"image\" itemscope=\"itemscope\" itemtype=\"https:\/\/schema.org\/ImageObject\" ><div class=\"avia-image-container-inner\"><div class=\"avia-image-overlay-wrap\"><img decoding=\"async\" fetchpriority=\"high\" class='wp-image-844 avia-img-lazy-loading-not-844 avia_image' src=\"https:\/\/eevork.com\/wp-content\/uploads\/2024\/08\/quem-reuniao.jpg\" alt='' title='quem-reuniao'  height=\"584\" width=\"472\"  itemprop=\"thumbnailUrl\" srcset=\"https:\/\/eevork.com\/wp-content\/uploads\/2024\/08\/quem-reuniao.jpg 472w, https:\/\/eevork.com\/wp-content\/uploads\/2024\/08\/quem-reuniao-242x300.jpg 242w\" sizes=\"(max-width: 472px) 100vw, 472px\" \/><\/div><\/div><\/div><\/div>\n<style type=\"text\/css\" data-created_by=\"avia_inline_auto\" id=\"style-css-av-1amp0-633f8e902710bf3b6f0e2ff7ee24999b\">\n.flex_column.av-1amp0-633f8e902710bf3b6f0e2ff7ee24999b{\nborder-radius:0px 0px 0px 0px;\npadding:0px 0px 0px 0px;\n}\n.avia_transform .flex_column.av-1amp0-633f8e902710bf3b6f0e2ff7ee24999b{\nanimation-duration:1.5s;\n}\n<\/style>\n<div  class='flex_column av-1amp0-633f8e902710bf3b6f0e2ff7ee24999b av_three_fifth  avia-builder-el-26  el_after_av_two_fifth  avia-builder-el-last  flex_column_div av-animated-generic right-to-left av-zero-column-padding  column-top-margin'     ><p>\n<style type=\"text\/css\" data-created_by=\"avia_inline_auto\" id=\"style-css-av-kf9ubxpe-923119ebb8477d5640d8149d4594a47b\">\n#top .hr.hr-invisible.av-kf9ubxpe-923119ebb8477d5640d8149d4594a47b{\nmargin-top:-10px;\nheight:1px;\n}\n<\/style>\n<div  class='hr av-kf9ubxpe-923119ebb8477d5640d8149d4594a47b hr-invisible  avia-builder-el-27  el_before_av_textblock  avia-builder-el-first'><span class='hr-inner'><span class=\"hr-inner-style\"><\/span><\/span><\/div><br \/>\n<section  class='av_textblock_section av-kebp0vmr-25-1780c80bc4e68e59edb427d017dbb670'   itemscope=\"itemscope\" itemtype=\"https:\/\/schema.org\/CreativeWork\" ><div class='avia_textblock'  itemprop=\"text\" ><p style=\"text-align: justify;\">los gerentes de <strong>EEVORK<\/strong> est\u00e1n obligados, sin excepci\u00f3n, a comportarse de una manera que <span style=\"font-weight: 400;\">\u00e9tica<\/span><b>, <\/b><span style=\"font-weight: 400;\">evitar y prevenir<\/span>\u00a0 conductas que podr\u00edan crear la percepci\u00f3n de que toleramos o aceptamos conductas poco \u00e9ticas.<\/p>\n<p style=\"text-align: justify;\">El C\u00f3digo de \u00c9tica y Conducta Empresarial de <strong>EEVORK<\/strong> Define los principios \u00e9ticos generales que adoptamos. Puede estar seguro de que <strong>EEVORK<\/strong> y sus empleados se negar\u00e1n a participar en tratos comerciales poco \u00e9ticos o injustos o en pr\u00e1cticas corruptas. A <strong>EEVORK<\/strong> Trabaja con diversos mercados, proveedores y clientes, suministrando productos y servicios en Brasil y en el extranjero. <strong>EEVORK<\/strong> <span style=\"font-weight: 400;\">dirige <\/span> su actividad empresarial se rige estrictamente por los l\u00edmites de los valores s\u00f3lidos y el buen gobierno corporativo y <span style=\"font-weight: 400;\">garant\u00edas<\/span> que mantendr\u00e1 la sostenibilidad de su negocio al reflejar este pensamiento. <strong>EEVORK<\/strong> est\u00e1 comprometida con una pol\u00edtica comercial justa e \u00edntegra. Este compromiso se basa en la creencia fundamental de que los negocios deben llevarse a cabo de manera honesta, justa y legal. <strong>EEVORK<\/strong> n\u00e3o se <span style=\"font-weight: 400;\">envolve<\/span> em pr\u00e1ticas comerciales anti\u00e9ticas.<\/p>\n<p class=\"translation-block\">A Lideran\u00e7a da <strong>EEVORK<\/strong> espera que todos os funcion\u00e1rios e outros Colaboradores compartilhem este compromisso com elevados padr\u00f5es morais, \u00e9ticos e legais. N\u00e3o toleraremos pr\u00e1ticas injustas, pr\u00e1ticas que envolvam corrup\u00e7\u00e3o, direta ou indireta, pr\u00e1ticas prejudiciais ou ilegais em geral.<\/p>\n<\/div><\/section><br \/>\n<section  class='av_textblock_section av-kebp0vmr-20-8a4d67bbdc644dcf2d1ac9307f9d530f'   itemscope=\"itemscope\" itemtype=\"https:\/\/schema.org\/CreativeWork\" ><div class='avia_textblock'  itemprop=\"text\" ><p style=\"text-align: right;\"><strong>Bernardo Mello<\/strong><br \/>\nCEO<br \/>\nEevork Qu\u00edmica e Servi\u00e7os<\/p>\n<\/div><\/section><\/p><\/div><\/div><\/div><\/div><!-- close content main div --><\/div><\/div><div id='after_section_3'  class='main_color av_default_container_wrap container_wrap sidebar_right'  ><div class='container av-section-cont-open' ><div class='template-page content  av-content-small alpha units'><div class='post-entry post-entry-type-page post-entry-88'><div class='entry-content-wrapper clearfix'>","protected":false},"excerpt":{"rendered":"","protected":false},"author":1,"featured_media":0,"parent":0,"menu_order":0,"comment_status":"closed","ping_status":"closed","template":"","meta":{"footnotes":""},"class_list":["post-88","page","type-page","status-publish","hentry"],"_links":{"self":[{"href":"https:\/\/eevork.com\/es\/wp-json\/wp\/v2\/pages\/88","targetHints":{"allow":["GET"]}}],"collection":[{"href":"https:\/\/eevork.com\/es\/wp-json\/wp\/v2\/pages"}],"about":[{"href":"https:\/\/eevork.com\/es\/wp-json\/wp\/v2\/types\/page"}],"author":[{"embeddable":true,"href":"https:\/\/eevork.com\/es\/wp-json\/wp\/v2\/users\/1"}],"replies":[{"embeddable":true,"href":"https:\/\/eevork.com\/es\/wp-json\/wp\/v2\/comments?post=88"}],"version-history":[{"count":57,"href":"https:\/\/eevork.com\/es\/wp-json\/wp\/v2\/pages\/88\/revisions"}],"predecessor-version":[{"id":1053,"href":"https:\/\/eevork.com\/es\/wp-json\/wp\/v2\/pages\/88\/revisions\/1053"}],"wp:attachment":[{"href":"https:\/\/eevork.com\/es\/wp-json\/wp\/v2\/media?parent=88"}],"curies":[{"name":"wp","href":"https:\/\/api.w.org\/{rel}","templated":true}]}}