{"id":64,"date":"2020-08-26T11:49:18","date_gmt":"2020-08-26T14:49:18","guid":{"rendered":"https:\/\/eevork.com.br\/?page_id=64"},"modified":"2022-06-15T11:40:27","modified_gmt":"2022-06-15T14:40:27","slug":"logistica","status":"publish","type":"page","link":"https:\/\/eevork.com\/es\/logistica\/","title":{"rendered":"LOG\u00cdSTICA"},"content":{"rendered":"<div id='av-layout-grid-1'  class='av-layout-grid-container av-1dyym-8eddacbf56ee3d93b4208ae2473ad069 entry-content-wrapper main_color av-flex-cells  avia-builder-el-0  avia-builder-el-no-sibling   container_wrap sidebar_right'  >\n\n<style type=\"text\/css\" data-created_by=\"avia_inline_auto\" id=\"style-css-av-kebh5g6w-dd67ece9d10a47bf877fbeb2dc268a5e\">\n.flex_cell.av-kebh5g6w-dd67ece9d10a47bf877fbeb2dc268a5e{\nvertical-align:middle;\n}\n.responsive #top #wrap_all .flex_cell.av-kebh5g6w-dd67ece9d10a47bf877fbeb2dc268a5e{\npadding:60px 60px 60px 60px !important;\n}\n<\/style>\n<div class='flex_cell av-kebh5g6w-dd67ece9d10a47bf877fbeb2dc268a5e av-gridrow-cell av_one_half no_margin  avia-builder-el-1  el_before_av_cell_one_half  avia-builder-el-first'  ><div class='flex_cell_inner'><p>\n<style type=\"text\/css\" data-created_by=\"avia_inline_auto\" id=\"style-css-av-1el9e-1d1937066b861d8729dcb310de9835c0\">\n.flex_column.av-1el9e-1d1937066b861d8729dcb310de9835c0{\nborder-radius:0px 0px 0px 0px;\npadding:0px 0px 0px 0px;\n}\n<\/style>\n<div  class='flex_column av-1el9e-1d1937066b861d8729dcb310de9835c0 av_two_fifth  avia-builder-el-2  el_before_av_three_fifth  avia-builder-el-first  first flex_column_div av-zero-column-padding'     ><\/div>\n<style type=\"text\/css\" data-created_by=\"avia_inline_auto\" id=\"style-css-av-1el9e-2-242f70fd4df1b3a6ec77b5c58809c8f9\">\n.flex_column.av-1el9e-2-242f70fd4df1b3a6ec77b5c58809c8f9{\nborder-radius:0px 0px 0px 0px;\npadding:0px 0px 0px 0px;\n}\n<\/style>\n<div  class='flex_column av-1el9e-2-242f70fd4df1b3a6ec77b5c58809c8f9 av_three_fifth  avia-builder-el-3  el_after_av_two_fifth  avia-builder-el-last  flex_column_div av-zero-column-padding'     ><p>\n<style type=\"text\/css\" data-created_by=\"avia_inline_auto\" id=\"style-css-av-kebipvvq-3e33da5c0efcd137d244ac9265a263d8\">\n#top .av-special-heading.av-kebipvvq-3e33da5c0efcd137d244ac9265a263d8{\npadding-bottom:10px;\n}\nbody .av-special-heading.av-kebipvvq-3e33da5c0efcd137d244ac9265a263d8 .av-special-heading-tag .heading-char{\nfont-size:25px;\n}\n.av-special-heading.av-kebipvvq-3e33da5c0efcd137d244ac9265a263d8 .av-subheading{\nfont-size:15px;\n}\n<\/style>\n<div  class='av-special-heading av-kebipvvq-3e33da5c0efcd137d244ac9265a263d8 av-special-heading-h3 blockquote modern-quote  avia-builder-el-4  el_before_av_textblock  avia-builder-el-first'><h3 class='av-special-heading-tag'  itemprop=\"headline\"  >Log\u00edstica<\/h3><div class=\"special-heading-border\"><div class=\"special-heading-inner-border\"><\/div><\/div><\/div><br \/>\n<section  class='av_textblock_section av-kebgyw9c-0409752db8d0c7dadba67f2c479c0544'   itemscope=\"itemscope\" itemtype=\"https:\/\/schema.org\/CreativeWork\" ><div class='avia_textblock'  itemprop=\"text\" ><p style=\"text-align: justify;\" class=\"translation-block\">EEVORK posee, a trav\u00e9s de su asociaci\u00f3n con ARM Log\u00edstica, instalaciones de almacenamiento y operaci\u00f3n dentro del complejo log\u00edstico <a href=\"http:\/\/www.vatis.com\/\" target=\"_self\">VATIS<\/a>, ubicado en el Estado de R\u00edo de Janeiro.<\/p>\n<p style=\"text-align: justify;\">Estrat\u00e9gicamente ubicado con f\u00e1cil acceso a las carreteras nacionales y al puerto de R\u00edo de Janeiro.<\/p>\n<p>En asociaci\u00f3n con Transatila, tambi\u00e9n contamos con un almac\u00e9n y dep\u00f3sito de operaciones en S\u00e3o Paulo, en la ciudad de Guarulhos.<\/p>\n<\/div><\/section><br \/>\n\n<style type=\"text\/css\" data-created_by=\"avia_inline_auto\" id=\"style-css-av-kebivr0e-4b4e093b0988d517b439b00189246850\">\n#top .hr.hr-invisible.av-kebivr0e-4b4e093b0988d517b439b00189246850{\nheight:10px;\n}\n<\/style>\n<div  class='hr av-kebivr0e-4b4e093b0988d517b439b00189246850 hr-invisible  avia-builder-el-6  el_after_av_textblock  el_before_av_image'><span class='hr-inner'><span class=\"hr-inner-style\"><\/span><\/span><\/div><br \/>\n\n<style type=\"text\/css\" data-created_by=\"avia_inline_auto\" id=\"style-css-av-kebiwyrx-733a92a1332a75c7217e7a298e5aa2c2\">\n.avia-image-container.av-kebiwyrx-733a92a1332a75c7217e7a298e5aa2c2 img.avia_image{\nbox-shadow:none;\n}\n.avia-image-container.av-kebiwyrx-733a92a1332a75c7217e7a298e5aa2c2 .av-image-caption-overlay-center{\ncolor:#ffffff;\n}\n<\/style>\n<div  class='avia-image-container av-kebiwyrx-733a92a1332a75c7217e7a298e5aa2c2 av-styling- avia-align-center  avia-builder-el-7  el_after_av_hr  avia-builder-el-last'   itemprop=\"image\" itemscope=\"itemscope\" itemtype=\"https:\/\/schema.org\/ImageObject\" ><div class=\"avia-image-container-inner\"><div class=\"avia-image-overlay-wrap\"><img decoding=\"async\" fetchpriority=\"high\" class='wp-image-80 avia-img-lazy-loading-not-80 avia_image' src=\"https:\/\/eevork.com\/wp-content\/uploads\/2020\/08\/vatis.png\" alt='' title='vatis'  height=\"600\" width=\"1047\"  itemprop=\"thumbnailUrl\" srcset=\"https:\/\/eevork.com\/wp-content\/uploads\/2020\/08\/vatis.png 1047w, https:\/\/eevork.com\/wp-content\/uploads\/2020\/08\/vatis-300x172.png 300w, https:\/\/eevork.com\/wp-content\/uploads\/2020\/08\/vatis-1030x590.png 1030w, https:\/\/eevork.com\/wp-content\/uploads\/2020\/08\/vatis-768x440.png 768w, https:\/\/eevork.com\/wp-content\/uploads\/2020\/08\/vatis-705x404.png 705w\" sizes=\"(max-width: 1047px) 100vw, 1047px\" \/><\/div><\/div><\/div><\/p><\/div><\/p>\n<\/div><\/div>\n<style type=\"text\/css\" data-created_by=\"avia_inline_auto\" id=\"style-css-av-kebhfng6-00ae83774cdca4c3fdbca7253628f7a0\">\n.flex_cell.av-kebhfng6-00ae83774cdca4c3fdbca7253628f7a0{\nvertical-align:middle;\n}\n.responsive #top #wrap_all .flex_cell.av-kebhfng6-00ae83774cdca4c3fdbca7253628f7a0{\npadding:00px 00px 00px 00px !important;\n}\n<\/style>\n<div class='flex_cell av-kebhfng6-00ae83774cdca4c3fdbca7253628f7a0 av-gridrow-cell av_one_half no_margin  avia-builder-el-8  el_after_av_cell_one_half  avia-builder-el-last  avia-full-stretch'  ><div class='flex_cell_inner'><div  class='av_gmaps_sc_main_wrap av_gmaps_main_wrap'><div id='av_gmap_0' class='avia-google-map-container avia-google-map-sc av_gmaps_show_unconditionally av-no-fallback-img' data-mapid='av_gmap_0'  style='height: 700px;'><a class=\"av_gmaps_browser_disabled av_text_confirm_link av_text_confirm_link_visible\" href=\"https:\/\/www.google.com\/maps\/search\/?api=1&#038;query=Vatis%20Armazens%20Log\u00edsticos%20%20%20s\u00e3o%20gon\u00e7alo%20Brasil\" target=\"_blank\" rel=\"noopener\">Maps were disabled by the visitor on this site. Click to open the map in a new window.<\/a><\/div><\/div>\n<\/div><\/div>\n<\/div>","protected":false},"excerpt":{"rendered":"","protected":false},"author":1,"featured_media":0,"parent":0,"menu_order":0,"comment_status":"closed","ping_status":"closed","template":"","meta":{"footnotes":""},"class_list":["post-64","page","type-page","status-publish","hentry"],"_links":{"self":[{"href":"https:\/\/eevork.com\/es\/wp-json\/wp\/v2\/pages\/64","targetHints":{"allow":["GET"]}}],"collection":[{"href":"https:\/\/eevork.com\/es\/wp-json\/wp\/v2\/pages"}],"about":[{"href":"https:\/\/eevork.com\/es\/wp-json\/wp\/v2\/types\/page"}],"author":[{"embeddable":true,"href":"https:\/\/eevork.com\/es\/wp-json\/wp\/v2\/users\/1"}],"replies":[{"embeddable":true,"href":"https:\/\/eevork.com\/es\/wp-json\/wp\/v2\/comments?post=64"}],"version-history":[{"count":14,"href":"https:\/\/eevork.com\/es\/wp-json\/wp\/v2\/pages\/64\/revisions"}],"predecessor-version":[{"id":708,"href":"https:\/\/eevork.com\/es\/wp-json\/wp\/v2\/pages\/64\/revisions\/708"}],"wp:attachment":[{"href":"https:\/\/eevork.com\/es\/wp-json\/wp\/v2\/media?parent=64"}],"curies":[{"name":"wp","href":"https:\/\/api.w.org\/{rel}","templated":true}]}}