{"id":61,"date":"2020-08-26T11:43:03","date_gmt":"2020-08-26T14:43:03","guid":{"rendered":"https:\/\/eevork.com.br\/?page_id=61"},"modified":"2025-10-29T15:30:22","modified_gmt":"2025-10-29T18:30:22","slug":"inovacao","status":"publish","type":"page","link":"https:\/\/eevork.com\/es\/inovacao\/","title":{"rendered":"INNOVACI\u00d3N"},"content":{"rendered":"<div id='av-layout-grid-1'  class='av-layout-grid-container av-1jjw5-6a2925e747a427dc1cbe1237ad1ae1f2 entry-content-wrapper main_color av-flex-cells  avia-builder-el-0  avia-builder-el-no-sibling   container_wrap sidebar_right'  >\n\n<style type=\"text\/css\" data-created_by=\"avia_inline_auto\" id=\"style-css-av-kf60dywh-8ecd9bf351f6a133e01e487ac46d8a41\">\n.flex_cell.av-kf60dywh-8ecd9bf351f6a133e01e487ac46d8a41{\nvertical-align:top;\nbackground:url(https:\/\/eevork.com\/wp-content\/uploads\/2020\/09\/senai-0001.jpg) 0% 50% no-repeat fixed ;\n}\n.responsive #top #wrap_all .flex_cell.av-kf60dywh-8ecd9bf351f6a133e01e487ac46d8a41{\npadding:30px 30px 30px 30px !important;\n}\n<\/style>\n<div class='flex_cell av-kf60dywh-8ecd9bf351f6a133e01e487ac46d8a41 av-gridrow-cell av_one_half no_margin  avia-builder-el-1  el_before_av_cell_one_half  avia-builder-el-first  avia-full-stretch'  ><div class='flex_cell_inner'><\/div><\/div>\n<style type=\"text\/css\" data-created_by=\"avia_inline_auto\" id=\"style-css-av-kf60efgn-57e41724350b54b3cbde848bdd16354c\">\n.flex_cell.av-kf60efgn-57e41724350b54b3cbde848bdd16354c{\nvertical-align:middle;\n}\n.responsive #top #wrap_all .flex_cell.av-kf60efgn-57e41724350b54b3cbde848bdd16354c{\npadding:60px 60px 60px 60px !important;\n}\n<\/style>\n<div class='flex_cell av-kf60efgn-57e41724350b54b3cbde848bdd16354c av-gridrow-cell av_one_half no_margin  avia-builder-el-2  el_after_av_cell_one_half  avia-builder-el-last'  ><div class='flex_cell_inner'><p>\n<style type=\"text\/css\" data-created_by=\"avia_inline_auto\" id=\"style-css-av-kfh6v2jt-6dca104b919d5b5317ec6eb3d7e634fc\">\n#top .hr.hr-invisible.av-kfh6v2jt-6dca104b919d5b5317ec6eb3d7e634fc{\nheight:60px;\n}\n<\/style>\n<div  class='hr av-kfh6v2jt-6dca104b919d5b5317ec6eb3d7e634fc hr-invisible  avia-builder-el-3  el_before_av_two_third  avia-builder-el-first'><span class='hr-inner'><span class=\"hr-inner-style\"><\/span><\/span><\/div><br \/>\n\n<style type=\"text\/css\" data-created_by=\"avia_inline_auto\" id=\"style-css-av-1el9e-1d1937066b861d8729dcb310de9835c0\">\n.flex_column.av-1el9e-1d1937066b861d8729dcb310de9835c0{\nborder-radius:0px 0px 0px 0px;\npadding:0px 0px 0px 0px;\n}\n<\/style>\n<div  class='flex_column av-1el9e-1d1937066b861d8729dcb310de9835c0 av_two_third  avia-builder-el-4  el_after_av_hr  el_before_av_one_third  first flex_column_div av-zero-column-padding'     ><p>\n<style type=\"text\/css\" data-created_by=\"avia_inline_auto\" id=\"style-css-av-ryrd-2b19ec4959ee2a48bc67459fe3c1e524\">\n#top .av-special-heading.av-ryrd-2b19ec4959ee2a48bc67459fe3c1e524{\npadding-bottom:10px;\n}\nbody .av-special-heading.av-ryrd-2b19ec4959ee2a48bc67459fe3c1e524 .av-special-heading-tag .heading-char{\nfont-size:25px;\n}\n.av-special-heading.av-ryrd-2b19ec4959ee2a48bc67459fe3c1e524 .av-subheading{\nfont-size:15px;\n}\n<\/style>\n<div  class='av-special-heading av-ryrd-2b19ec4959ee2a48bc67459fe3c1e524 av-special-heading-h3 blockquote modern-quote  avia-builder-el-5  el_before_av_textblock  avia-builder-el-first'><h3 class='av-special-heading-tag'  itemprop=\"headline\"  >Innovaci\u00f3n<\/h3><div class=\"special-heading-border\"><div class=\"special-heading-inner-border\"><\/div><\/div><\/div><br \/>\n<section  class='av_textblock_section av-kebgyw9c-82e0ca15d8a03927109082980c2117df'   itemscope=\"itemscope\" itemtype=\"https:\/\/schema.org\/CreativeWork\" ><div class='avia_textblock'  itemprop=\"text\" ><p style=\"text-align: justify;\" class=\"translation-block\">EEVORK trabaja en la innovaci\u00f3n continua de sus productos y servicios y, para ello, colabora con el Centro de Tecnolog\u00eda de la Industria Qu\u00edmica y Textil (SENAI CETIQT), a trav\u00e9s del Instituto SENAI de Innovaci\u00f3n en Biosint\u00e9ticos y Fibras.\n\nEsta colaboraci\u00f3n abarca an\u00e1lisis y\/o aplicaciones de control de calidad que EEVORK o sus clientes puedan necesitar, as\u00ed como la posibilidad de desarrollar nuevos materiales o aplicaciones.<\/p>\n<p style=\"text-align: justify;\"><strong>Hablemos sobre la L\u00ednea EK BioFA<\/strong>:<\/p>\n<p style=\"text-align: justify;\" class=\"translation-block\">La l\u00ednea BioFA es una l\u00ednea de productos innovadora desarrollada en respuesta a la limitada disponibilidad de \u00e1cidos grasos derivados del aceite de tallo. EEVORK, junto con su socio, desarroll\u00f3 la l\u00ednea de \u00e1cidos grasos BioFA.\n\nBas\u00e1ndose en un profundo conocimiento de las necesidades operativas de los \u00e1cidos grasos del aceite de tallo y sus ventajas en aplicaciones de lubricantes qu\u00edmicos para yacimientos petrol\u00edferos e intermedios qu\u00edmicos, EEVORK ofrece la l\u00ednea BioFA como un sustituto ideal para los \u00e1cidos grasos del aceite de tallo.\n\nDesarrollada a partir de matrices vegetales distintas al aceite de tallo, su disponibilidad y estructura de costos son completamente independientes de las aplicaciones de biocombustibles incentivadas en la cadena de productos del aceite de tallo.\n\nCentr\u00e1ndose en los atributos de calidad m\u00e1s importantes de los \u00e1cidos grasos del aceite de tallo, como su bajo contenido de \u00e1cido c\u00edtrico, su color neutro, su estabilidad de color, su alto \u00edndice de yodo y, muy importante, su bajo olor, la l\u00ednea de productos EK BioFA se convierte en la opci\u00f3n natural para reemplazar los \u00e1cidos grasos del aceite de tallo.<\/p>\n<\/div><\/section><\/p><\/div>\n<style type=\"text\/css\" data-created_by=\"avia_inline_auto\" id=\"style-css-av-1el9e-5-65aee673efa1551ac5df2c381b7e572a\">\n.flex_column.av-1el9e-5-65aee673efa1551ac5df2c381b7e572a{\nborder-radius:0px 0px 0px 0px;\npadding:0px 0px 0px 0px;\n}\n<\/style>\n<div  class='flex_column av-1el9e-5-65aee673efa1551ac5df2c381b7e572a av_one_third  avia-builder-el-7  el_after_av_two_third  el_before_av_one_third  flex_column_div av-zero-column-padding'     ><\/div>\n<style type=\"text\/css\" data-created_by=\"avia_inline_auto\" id=\"style-css-av-1el9e-4-1739b65c50a811149779f609028f9307\">\n.flex_column.av-1el9e-4-1739b65c50a811149779f609028f9307{\nborder-radius:0px 0px 0px 0px;\npadding:0px 0px 0px 0px;\n}\n<\/style>\n<div  class='flex_column av-1el9e-4-1739b65c50a811149779f609028f9307 av_one_third  avia-builder-el-8  el_after_av_one_third  el_before_av_one_third  first flex_column_div av-zero-column-padding  column-top-margin'     ><style type=\"text\/css\" data-created_by=\"avia_inline_auto\" id=\"style-css-av-kebik4kv-4e25a7ea2c6657e50a65b20e50f3971c\">\n.avia-image-container.av-kebik4kv-4e25a7ea2c6657e50a65b20e50f3971c img.avia_image{\nbox-shadow:none;\n}\n.avia-image-container.av-kebik4kv-4e25a7ea2c6657e50a65b20e50f3971c .av-image-caption-overlay-center{\ncolor:#ffffff;\n}\n<\/style>\n<div  class='avia-image-container av-kebik4kv-4e25a7ea2c6657e50a65b20e50f3971c av-styling- avia-align-center  avia-builder-el-9  avia-builder-el-no-sibling'   itemprop=\"image\" itemscope=\"itemscope\" itemtype=\"https:\/\/schema.org\/ImageObject\" ><div class=\"avia-image-container-inner\"><div class=\"avia-image-overlay-wrap\"><img decoding=\"async\" fetchpriority=\"high\" class='wp-image-467 avia-img-lazy-loading-not-467 avia_image' src=\"https:\/\/eevork.com\/wp-content\/uploads\/2020\/09\/senai-0004.jpg\" alt='' title='senai-0004'  height=\"233\" width=\"350\"  itemprop=\"thumbnailUrl\" srcset=\"https:\/\/eevork.com\/wp-content\/uploads\/2020\/09\/senai-0004.jpg 350w, https:\/\/eevork.com\/wp-content\/uploads\/2020\/09\/senai-0004-300x200.jpg 300w\" sizes=\"(max-width: 350px) 100vw, 350px\" \/><\/div><\/div><\/div><\/div>\n<style type=\"text\/css\" data-created_by=\"avia_inline_auto\" id=\"style-css-av-1el9e-3-6de8d05e2e17dc120ece43071fba63f7\">\n.flex_column.av-1el9e-3-6de8d05e2e17dc120ece43071fba63f7{\nborder-radius:0px 0px 0px 0px;\npadding:0px 0px 0px 0px;\n}\n<\/style>\n<div  class='flex_column av-1el9e-3-6de8d05e2e17dc120ece43071fba63f7 av_one_third  avia-builder-el-10  el_after_av_one_third  el_before_av_one_third  flex_column_div av-zero-column-padding  column-top-margin'     ><style type=\"text\/css\" data-created_by=\"avia_inline_auto\" id=\"style-css-av-kebik4kv-2-9ce2b4121d73574052d97d7a7ecc840b\">\n.avia-image-container.av-kebik4kv-2-9ce2b4121d73574052d97d7a7ecc840b img.avia_image{\nbox-shadow:none;\n}\n.avia-image-container.av-kebik4kv-2-9ce2b4121d73574052d97d7a7ecc840b .av-image-caption-overlay-center{\ncolor:#ffffff;\n}\n<\/style>\n<div  class='avia-image-container av-kebik4kv-2-9ce2b4121d73574052d97d7a7ecc840b av-styling- avia-align-center  avia-builder-el-11  avia-builder-el-no-sibling'   itemprop=\"image\" itemscope=\"itemscope\" itemtype=\"https:\/\/schema.org\/ImageObject\" ><div class=\"avia-image-container-inner\"><div class=\"avia-image-overlay-wrap\"><img decoding=\"async\" fetchpriority=\"high\" class='wp-image-461 avia-img-lazy-loading-not-461 avia_image' src=\"https:\/\/eevork.com\/wp-content\/uploads\/2020\/09\/senai-0003.jpg\" alt='' title='senai-0003'  height=\"233\" width=\"350\"  itemprop=\"thumbnailUrl\" srcset=\"https:\/\/eevork.com\/wp-content\/uploads\/2020\/09\/senai-0003.jpg 350w, https:\/\/eevork.com\/wp-content\/uploads\/2020\/09\/senai-0003-300x200.jpg 300w\" sizes=\"(max-width: 350px) 100vw, 350px\" \/><\/div><\/div><\/div><\/div>\n<style type=\"text\/css\" data-created_by=\"avia_inline_auto\" id=\"style-css-av-1el9e-1-6fb7d024c87a0690e41f2f5a4f5466cd\">\n.flex_column.av-1el9e-1-6fb7d024c87a0690e41f2f5a4f5466cd{\nborder-radius:0px 0px 0px 0px;\npadding:0px 0px 0px 0px;\n}\n<\/style>\n<div  class='flex_column av-1el9e-1-6fb7d024c87a0690e41f2f5a4f5466cd av_one_third  avia-builder-el-12  el_after_av_one_third  el_before_av_hr  flex_column_div av-zero-column-padding  column-top-margin'     ><\/div>\n<style type=\"text\/css\" data-created_by=\"avia_inline_auto\" id=\"style-css-av-kfh6v2jt-6-b0fd97963b76f94cc7a3aa608d39bd56\">\n#top .hr.hr-invisible.av-kfh6v2jt-6-b0fd97963b76f94cc7a3aa608d39bd56{\nheight:60px;\n}\n<\/style>\n<div  class='hr av-kfh6v2jt-6-b0fd97963b76f94cc7a3aa608d39bd56 hr-invisible  avia-builder-el-13  el_after_av_one_third  avia-builder-el-last'><span class='hr-inner'><span class=\"hr-inner-style\"><\/span><\/span><\/div><\/p>\n<\/div><\/div><\/div>","protected":false},"excerpt":{"rendered":"","protected":false},"author":1,"featured_media":0,"parent":0,"menu_order":0,"comment_status":"closed","ping_status":"closed","template":"","meta":{"footnotes":""},"class_list":["post-61","page","type-page","status-publish","hentry"],"_links":{"self":[{"href":"https:\/\/eevork.com\/es\/wp-json\/wp\/v2\/pages\/61","targetHints":{"allow":["GET"]}}],"collection":[{"href":"https:\/\/eevork.com\/es\/wp-json\/wp\/v2\/pages"}],"about":[{"href":"https:\/\/eevork.com\/es\/wp-json\/wp\/v2\/types\/page"}],"author":[{"embeddable":true,"href":"https:\/\/eevork.com\/es\/wp-json\/wp\/v2\/users\/1"}],"replies":[{"embeddable":true,"href":"https:\/\/eevork.com\/es\/wp-json\/wp\/v2\/comments?post=61"}],"version-history":[{"count":21,"href":"https:\/\/eevork.com\/es\/wp-json\/wp\/v2\/pages\/61\/revisions"}],"predecessor-version":[{"id":1059,"href":"https:\/\/eevork.com\/es\/wp-json\/wp\/v2\/pages\/61\/revisions\/1059"}],"wp:attachment":[{"href":"https:\/\/eevork.com\/es\/wp-json\/wp\/v2\/media?parent=61"}],"curies":[{"name":"wp","href":"https:\/\/api.w.org\/{rel}","templated":true}]}}