{"id":1027,"date":"2025-10-17T09:42:02","date_gmt":"2025-10-17T12:42:02","guid":{"rendered":"https:\/\/eevork.com\/?page_id=1027"},"modified":"2025-11-27T08:46:29","modified_gmt":"2025-11-27T11:46:29","slug":"certificacoes","status":"publish","type":"page","link":"https:\/\/eevork.com\/es\/certificacoes\/","title":{"rendered":"CERTIFICACIONES"},"content":{"rendered":"<style type=\"text\/css\" data-created_by=\"avia_inline_auto\" id=\"style-css-av-j9xdhv-cfbeb9b98443e8b722e3a2c39b296df1\">\n.avia-section.av-j9xdhv-cfbeb9b98443e8b722e3a2c39b296df1{\nbackground-color:#ededed;\nbackground-image:unset;\n}\n<\/style>\n<div id='av_section_1'  class='avia-section av-j9xdhv-cfbeb9b98443e8b722e3a2c39b296df1 main_color avia-section-default avia-no-border-styling  avia-builder-el-0  el_before_av_section  avia-builder-el-first  avia-bg-style-scroll container_wrap sidebar_right'  ><div class='container av-section-cont-open' ><main  role=\"main\" itemprop=\"mainContentOfPage\"  class='template-page content  av-content-small alpha units'><div class='post-entry post-entry-type-page post-entry-1027'><div class='entry-content-wrapper clearfix'>\n<div  class='flex_column av-54vdfg3-c9d29c76be32d46a111330a98cae0df4 av_one_third  avia-builder-el-1  el_before_av_two_third  avia-builder-el-first  first flex_column_div'     ><style type=\"text\/css\" data-created_by=\"avia_inline_auto\" id=\"style-css-av-mguu68p1-1743bfcf0f296dd6f9c4dde6f60b4dad\">\n#top .av-special-heading.av-mguu68p1-1743bfcf0f296dd6f9c4dde6f60b4dad{\npadding-bottom:10px;\n}\nbody .av-special-heading.av-mguu68p1-1743bfcf0f296dd6f9c4dde6f60b4dad .av-special-heading-tag .heading-char{\nfont-size:25px;\n}\n.av-special-heading.av-mguu68p1-1743bfcf0f296dd6f9c4dde6f60b4dad .av-subheading{\nfont-size:15px;\n}\n<\/style>\n<div  class='av-special-heading av-mguu68p1-1743bfcf0f296dd6f9c4dde6f60b4dad av-special-heading-h1 blockquote modern-quote modern-centered  avia-builder-el-2  avia-builder-el-no-sibling'><h1 class='av-special-heading-tag'  itemprop=\"headline\"  >CERTIFICACIONES<\/h1><div class=\"special-heading-border\"><div class=\"special-heading-inner-border\"><\/div><\/div><\/div><\/div><div  class='flex_column av-60uy6b-cb19e3f2a9fb4cbb41d8211678ca5548 av_two_third  avia-builder-el-3  el_after_av_one_third  avia-builder-el-last  flex_column_div'     ><p>\n<style type=\"text\/css\" data-created_by=\"avia_inline_auto\" id=\"style-css-av-3pfow3-ca12fea6b07a9914db9873e3117179d9\">\n#top .av-special-heading.av-3pfow3-ca12fea6b07a9914db9873e3117179d9{\npadding-bottom:10px;\n}\nbody .av-special-heading.av-3pfow3-ca12fea6b07a9914db9873e3117179d9 .av-special-heading-tag .heading-char{\nfont-size:25px;\n}\n.av-special-heading.av-3pfow3-ca12fea6b07a9914db9873e3117179d9 .av-subheading{\nfont-size:15px;\n}\n<\/style>\n<div  class='av-special-heading av-3pfow3-ca12fea6b07a9914db9873e3117179d9 av-special-heading-h3 blockquote modern-quote  avia-builder-el-4  el_before_av_textblock  avia-builder-el-first'><h3 class='av-special-heading-tag'  itemprop=\"headline\"  >Compromiso con la Calidad y la Sostenibilidad<\/h3><div class=\"special-heading-border\"><div class=\"special-heading-inner-border\"><\/div><\/div><\/div><br \/>\n<section  class='av_textblock_section av-21k4kz-e6e828f89cdc3b72ac36ea581ff622b1'   itemscope=\"itemscope\" itemtype=\"https:\/\/schema.org\/CreativeWork\" ><div class='avia_textblock'  itemprop=\"text\" ><p style=\"text-align: justify;\">En EEVORK, nuestro compromiso con la excelencia, el cumplimiento y la sostenibilidad no es solo una filosof\u00eda, sino una pr\u00e1ctica validada por rigurosos est\u00e1ndares internacionales. Nuestras certificaciones reflejan nuestro ADN: garantizar operaciones seguras, transparentes y de alto rendimiento, brindando a nuestros clientes y socios la confianza de que trabajan con una empresa que lidera con el ejemplo.<\/p>\n<\/div><\/section><\/p><\/div>\n\n<\/div><\/div><\/main><!-- close content main element --><\/div><\/div><div id='av_section_2'  class='avia-section av-51fq4j7-df2aa8033676460dae3d70256b02530f main_color avia-section-large avia-shadow  avia-builder-el-6  el_after_av_section  el_before_av_section  avia-bg-style-scroll container_wrap sidebar_right'  ><div class='container av-section-cont-open' ><div class='template-page content  av-content-small alpha units'><div class='post-entry post-entry-type-page post-entry-1027'><div class='entry-content-wrapper clearfix'>\n<div  class='flex_column av-507l1qr-2d824f08c20b169c9ad0be82505546be av_one_half  avia-builder-el-7  el_before_av_one_half  avia-builder-el-first  first flex_column_div'     ><p>\n<style type=\"text\/css\" data-created_by=\"avia_inline_auto\" id=\"style-css-av-4v2wdw3-8be0cbeae6b0196a64be18e85937b5e0\">\n#top .av-special-heading.av-4v2wdw3-8be0cbeae6b0196a64be18e85937b5e0{\npadding-bottom:10px;\n}\nbody .av-special-heading.av-4v2wdw3-8be0cbeae6b0196a64be18e85937b5e0 .av-special-heading-tag .heading-char{\nfont-size:25px;\n}\n.av-special-heading.av-4v2wdw3-8be0cbeae6b0196a64be18e85937b5e0 .av-subheading{\nfont-size:15px;\n}\n<\/style>\n<div  class='av-special-heading av-4v2wdw3-8be0cbeae6b0196a64be18e85937b5e0 av-special-heading-h2 blockquote modern-quote  avia-builder-el-8  el_before_av_hr  avia-builder-el-first'><h2 class='av-special-heading-tag'  itemprop=\"headline\"  >Certificaci\u00f3n ISO 9001:2015: Excelencia en la Gesti\u00f3n de la Calidad<\/h2><div class=\"special-heading-border\"><div class=\"special-heading-inner-border\"><\/div><\/div><\/div><br \/>\n\n<style type=\"text\/css\" data-created_by=\"avia_inline_auto\" id=\"style-css-av-mguuipcs-b119f61ecf79d530652bfd95b0557b6a\">\n#top .hr.hr-invisible.av-mguuipcs-b119f61ecf79d530652bfd95b0557b6a{\nheight:50px;\n}\n<\/style>\n<div  class='hr av-mguuipcs-b119f61ecf79d530652bfd95b0557b6a hr-invisible  avia-builder-el-9  el_after_av_heading  el_before_av_textblock'><span class='hr-inner'><span class=\"hr-inner-style\"><\/span><\/span><\/div><br \/>\n<section  class='av_textblock_section av-1q4e1v-e3a8151eaa53f28239602299a70e4026'   itemscope=\"itemscope\" itemtype=\"https:\/\/schema.org\/CreativeWork\" ><div class='avia_textblock'  itemprop=\"text\" ><p style=\"text-align: justify;\">Eevork Qu\u00edmica e Servi\u00e7os Ltda. tiene su Sistema de Gesti\u00f3n de la Calidad certificado bajo la norma ISO 9001:2015, el est\u00e1ndar de referencia global para la excelencia en gesti\u00f3n. Este logro demuestra nuestra capacidad para ofrecer de manera constante productos y servicios que cumplen tanto con los requisitos de los clientes como con las normativas aplicables.<\/p>\n<p style=\"text-align: justify;\">El alcance de nuestra certificaci\u00f3n es amplio y abarca todas nuestras actividades principales: \u201cRepresentaci\u00f3n, Importaci\u00f3n, Exportaci\u00f3n, Industrializaci\u00f3n por encargo, Reventa y Distribuci\u00f3n de Productos Qu\u00edmicos.\u201d<\/p>\n<p style=\"text-align: justify;\">La certificaci\u00f3n abarca tanto nuestra unidad comercial en Vinhedo (SP) como nuestra sede operativa en S\u00e3o Gon\u00e7alo (RJ), garantizando que todos los procesos \u2014desde la atenci\u00f3n inicial hasta la log\u00edstica final\u2014 sigan los m\u00e1s altos est\u00e1ndares de calidad y eficiencia. Para nuestros clientes, la ISO 9001:2015 es la garant\u00eda de un servicio confiable, constante y enfocado en la mejora continua.<\/p>\n<\/div><\/section><br \/>\n\n<style type=\"text\/css\" data-created_by=\"avia_inline_auto\" id=\"style-css-av-av_hr-3a876428eececa9d35452247ddb053af\">\n#top .hr.hr-invisible.av-av_hr-3a876428eececa9d35452247ddb053af{\nheight:50px;\n}\n<\/style>\n<div  class='hr av-av_hr-3a876428eececa9d35452247ddb053af hr-invisible  avia-builder-el-11  el_after_av_textblock  el_before_av_button'><span class='hr-inner'><span class=\"hr-inner-style\"><\/span><\/span><\/div><br \/>\n<div  class='avia-button-wrap av-mguul1e2-140340364eef8f795d0f293ea29dc4a5-wrap avia-button-center  avia-builder-el-12  el_after_av_hr  avia-builder-el-last'><a href='https:\/\/eevork.com\/wp-content\/uploads\/2025\/10\/GCS-CERTIFICATE-1906BRIBA-SISTEMA-DE-GESTAO-EEVORK-ISO-9001-47B.pdf' class='avia-button av-mguul1e2-140340364eef8f795d0f293ea29dc4a5 avia-icon_select-yes-left-icon avia-size-x-large avia-position-center av-icon-on-hover avia-color-theme-color' target=\"_blank\" rel=\"noopener noreferrer\"><span class='avia_button_icon avia_button_icon_left' aria-hidden='true' data-av_icon='\ue829' data-av_iconfont='entypo-fontello'><\/span><span class='avia_iconbox_title' >ISO 9001:2015<\/span><\/a><\/div><\/p><\/div><div  class='flex_column av-5lnbo3-12712ad00bfe4f92592b01029e1f37d9 av_one_half  avia-builder-el-13  el_after_av_one_half  avia-builder-el-last  flex_column_div'     ><style type=\"text\/css\" data-created_by=\"avia_inline_auto\" id=\"style-css-av-mguupa10-194b19cb88a45367cb688955e452e276\">\n.avia-image-container.av-mguupa10-194b19cb88a45367cb688955e452e276 img.avia_image{\nbox-shadow:none;\n}\n.avia-image-container.av-mguupa10-194b19cb88a45367cb688955e452e276 .av-image-caption-overlay-center{\ncolor:#ffffff;\n}\n<\/style>\n<div  class='avia-image-container av-mguupa10-194b19cb88a45367cb688955e452e276 av-styling- avia-align-center  avia-builder-el-14  avia-builder-el-no-sibling'   itemprop=\"image\" itemscope=\"itemscope\" itemtype=\"https:\/\/schema.org\/ImageObject\" ><div class=\"avia-image-container-inner\"><div class=\"avia-image-overlay-wrap\"><a href=\"https:\/\/eevork.com\/wp-content\/uploads\/2025\/10\/GCS-CERTIFICATE-1906BRIBA-SISTEMA-DE-GESTAO-EEVORK-ISO-9001-47B-1.webp\" data-srcset=\"https:\/\/eevork.com\/wp-content\/uploads\/2025\/10\/GCS-CERTIFICATE-1906BRIBA-SISTEMA-DE-GESTAO-EEVORK-ISO-9001-47B-1.webp 554w, https:\/\/eevork.com\/wp-content\/uploads\/2025\/10\/GCS-CERTIFICATE-1906BRIBA-SISTEMA-DE-GESTAO-EEVORK-ISO-9001-47B-1-208x300.webp 208w, https:\/\/eevork.com\/wp-content\/uploads\/2025\/10\/GCS-CERTIFICATE-1906BRIBA-SISTEMA-DE-GESTAO-EEVORK-ISO-9001-47B-1-488x705.webp 488w\" data-sizes=\"(max-width: 554px) 100vw, 554px\" class='avia_image'  aria-label='GCS CERTIFICATE 1906BRIBA - SISTEMA DE GEST\u00c3O - EEVORK - ISO 9001 - 47B-1'><img decoding=\"async\" fetchpriority=\"high\" class='wp-image-1037 avia-img-lazy-loading-not-1037 avia_image' src=\"https:\/\/eevork.com\/wp-content\/uploads\/2025\/10\/GCS-CERTIFICATE-1906BRIBA-SISTEMA-DE-GESTAO-EEVORK-ISO-9001-47B-1.webp\" alt='' title='GCS CERTIFICATE 1906BRIBA - SISTEMA DE GEST\u00c3O - EEVORK - ISO 9001 - 47B-1'  height=\"800\" width=\"554\"  itemprop=\"thumbnailUrl\" srcset=\"https:\/\/eevork.com\/wp-content\/uploads\/2025\/10\/GCS-CERTIFICATE-1906BRIBA-SISTEMA-DE-GESTAO-EEVORK-ISO-9001-47B-1.webp 554w, https:\/\/eevork.com\/wp-content\/uploads\/2025\/10\/GCS-CERTIFICATE-1906BRIBA-SISTEMA-DE-GESTAO-EEVORK-ISO-9001-47B-1-208x300.webp 208w, https:\/\/eevork.com\/wp-content\/uploads\/2025\/10\/GCS-CERTIFICATE-1906BRIBA-SISTEMA-DE-GESTAO-EEVORK-ISO-9001-47B-1-488x705.webp 488w\" sizes=\"(max-width: 554px) 100vw, 554px\" \/><\/a><\/div><\/div><\/div><\/div><\/div><\/div><\/div><!-- close content main div --><\/div><\/div>\n<style type=\"text\/css\" data-created_by=\"avia_inline_auto\" id=\"style-css-av-7z6gfn-db59792aaea9809ec55c5c2581e48a25\">\n.avia-section.av-7z6gfn-db59792aaea9809ec55c5c2581e48a25{\nbackground-color:#ededed;\nbackground-image:unset;\n}\n<\/style>\n<div id='av_section_3'  class='avia-section av-7z6gfn-db59792aaea9809ec55c5c2581e48a25 main_color avia-section-default avia-no-border-styling  avia-builder-el-15  el_after_av_section  avia-builder-el-last  avia-bg-style-scroll container_wrap sidebar_right'  ><div class='container av-section-cont-open' ><div class='template-page content  av-content-small alpha units'><div class='post-entry post-entry-type-page post-entry-1027'><div class='entry-content-wrapper clearfix'><\/div><\/div><\/div><!-- close content main div --><\/div><\/div><div id='after_section_3'  class='main_color av_default_container_wrap container_wrap sidebar_right'  ><div class='container av-section-cont-open' ><div class='template-page content  av-content-small alpha units'><div class='post-entry post-entry-type-page post-entry-1027'><div class='entry-content-wrapper clearfix'><\/p>","protected":false},"excerpt":{"rendered":"","protected":false},"author":1,"featured_media":0,"parent":0,"menu_order":0,"comment_status":"closed","ping_status":"closed","template":"","meta":{"footnotes":""},"class_list":["post-1027","page","type-page","status-publish","hentry"],"_links":{"self":[{"href":"https:\/\/eevork.com\/es\/wp-json\/wp\/v2\/pages\/1027","targetHints":{"allow":["GET"]}}],"collection":[{"href":"https:\/\/eevork.com\/es\/wp-json\/wp\/v2\/pages"}],"about":[{"href":"https:\/\/eevork.com\/es\/wp-json\/wp\/v2\/types\/page"}],"author":[{"embeddable":true,"href":"https:\/\/eevork.com\/es\/wp-json\/wp\/v2\/users\/1"}],"replies":[{"embeddable":true,"href":"https:\/\/eevork.com\/es\/wp-json\/wp\/v2\/comments?post=1027"}],"version-history":[{"count":12,"href":"https:\/\/eevork.com\/es\/wp-json\/wp\/v2\/pages\/1027\/revisions"}],"predecessor-version":[{"id":1143,"href":"https:\/\/eevork.com\/es\/wp-json\/wp\/v2\/pages\/1027\/revisions\/1143"}],"wp:attachment":[{"href":"https:\/\/eevork.com\/es\/wp-json\/wp\/v2\/media?parent=1027"}],"curies":[{"name":"wp","href":"https:\/\/api.w.org\/{rel}","templated":true}]}}